{"id":1839,"date":"2015-12-15T07:37:33","date_gmt":"2015-12-15T07:37:33","guid":{"rendered":"http:\/\/consulting.stylemixthemes.com\/?page_id=9"},"modified":"2017-11-27T11:35:23","modified_gmt":"2017-11-27T10:35:23","slug":"team-schaeffer-gmbh","status":"publish","type":"page","link":"https:\/\/putzen-privat.de\/schwabach\/team-schaeffer-gmbh\/","title":{"rendered":"Team Sch\u00e4ffer GmbH"},"content":{"rendered":"<div class=\"wpb-content-wrapper\"><p>[vc_row css=&#8221;.vc_custom_1507714659521{margin-bottom: 60px !important;}&#8221;][vc_column][vc_column_text css_animation=&#8221;fadeIn&#8221; css=&#8221;.vc_custom_1510569602513{margin-top: 40px !important;}&#8221;]<\/p>\n<h3>Fensterputzer Schwabach &#8211; Ihr Team Sch\u00e4ffer<\/h3>\n<p>Nicht umsonst haben wir uns im Laufe der Jahre einen Namen im Reinigungsgewerbe gemacht. Bereits im Jahr 2000 begann Eduard Sch\u00e4ffer seine Ausbildung als Geb\u00e4udereiniger in einem alteingesessenen Betrieb in F\u00fcrth. Nach Ende der Ausbildung sammelte er dort einige Jahre Berufserfahrung, bevor er sp\u00e4ter zur Firma AND GmbH nach N\u00fcrnberg wechselte.<\/p>\n<p>Dort legte er seinen fachlichen Schwerpunkt auf die Bereiche Fenster- und Wintergartenreinigung in privaten Haushalten. Nach weiteren zehn Jahren machte sich Eduard Sch\u00e4ffer schlie\u00dflich selbstst\u00e4ndig und bietet seine Dienste seitdem gemeinsam mit seinem Partner Stefan Perl im Kleinbetrieb als Team Sch\u00e4ffer GmbH in N\u00fcrnberg und der gesamten Region an. Das Team Sch\u00e4ffer hat es sich dabei zur Aufgabe gemacht, sein Angebot und seine Leistungen kontinuierlich auszubauen und zu optimieren.[\/vc_column_text][vc_column_text css_animation=&#8221;fadeIn&#8221; css=&#8221;.vc_custom_1507714291161{margin-bottom: 34px !important;}&#8221;]<\/p>\n<blockquote><p>Mit professioneller und z\u00fcgiger Abwicklung der Auftr\u00e4ge setzen wir, das Team Sch\u00e4ffer GmbH, auf vollste Kundenzufriedenheit. Alle Kunden bekommen von uns ein kostenloses und unverbindliches Angebot f\u00fcr die pers\u00f6nliche Kostenkontrolle. Dabei legen wir gr\u00f6\u00dften Wert auf einen fairen Preis, sowohl f\u00fcr den Kunden als auch f\u00fcr uns als Unternehmen.<\/p><\/blockquote>\n<p>[\/vc_column_text][vc_row_inner][vc_column_inner width=&#8221;1\/3&#8243;][vc_custom_heading text=&#8221;Unser Leistungsspektrum&#8221; font_container=&#8221;tag:h4|text_align:left|color:%23222222&#8243; use_theme_fonts=&#8221;yes&#8221; css=&#8221;.vc_custom_1507714634348{margin-bottom: 15px !important;}&#8221; el_class=&#8221;no_stripe&#8221;][vc_column_text css_animation=&#8221;fadeIn&#8221;]Wir bieten im Raum N\u00fcrnberg folgende Reinigungen an:<\/p>\n<ul>\n<li>Fensterputzen inkl. Rahmenw\u00e4sche<\/li>\n<li>Reinigung von Winterg\u00e4rten und Vord\u00e4chern aus Glas<\/li>\n<li>Gardinen (inkl. Abnehmen, Waschen und wieder anbringen)<\/li>\n<li>Wohnungsendreinigung (z.B. bei Umzug)<\/li>\n<li>Reinigung von Rollo, Jalousien und Raffstores<\/li>\n<li>Reinigung von Teppichb\u00f6den<\/li>\n<li>Reinigung von Polsterm\u00f6beln<\/li>\n<li>Reinigung von Heizk\u00f6rpern<\/li>\n<\/ul>\n<p>[\/vc_column_text][\/vc_column_inner][vc_column_inner width=&#8221;2\/3&#8243;][vc_custom_heading text=&#8221;Wie wir arbeiten&#8221; font_container=&#8221;tag:h4|text_align:left|color:%23222222&#8243; use_theme_fonts=&#8221;yes&#8221; css=&#8221;.vc_custom_1507714397245{margin-bottom: 28px !important;}&#8221; el_class=&#8221;no_stripe&#8221;][vc_video link=&#8221;https:\/\/www.youtube.com\/embed\/Oija5PMXBX8&#8243; image=&#8221;1648&#8243; img_size=&#8221;540&#215;264&#8243;][\/vc_column_inner][\/vc_row_inner][\/vc_column][\/vc_row][vc_row css=&#8221;.vc_custom_1485757244346{margin-bottom: 90px !important;}&#8221;][vc_column offset=&#8221;vc_col-lg-6 vc_col-md-12&#8243;][vc_custom_heading text=&#8221;Faire Preise und absetzbar&#8221; font_container=&#8221;tag:h3|text_align:left&#8221; google_fonts=&#8221;font_family:Montserrat%3Aregular%2C700|font_style:700%20bold%20regular%3A700%3Anormal&#8221; css=&#8221;.vc_custom_1507716178743{margin-bottom: 29px !important;}&#8221;][vc_column_text css_animation=&#8221;fadeIn&#8221; css=&#8221;.vc_custom_1507715309216{margin-bottom: 25px !important;}&#8221;]Da das Reinigungsgewerbe immer in der Kritik der Schwarzarbeit steht m\u00f6chten wir ausdr\u00fccklich darauf hinweisen, dass alle Mitarbeiter sozial und Unfallversichert sind.[\/vc_column_text][vc_column_text css_animation=&#8221;fadeIn&#8221;]Das ist angesichts der manchmal gef\u00e4hrlichen Arbeit auf Leitern oder rutschigen D\u00e4chern Grundvoraussetzung einer Partnerschaftlichen Zusammenarbeit. Schlie\u00dflich m\u00f6chte man als Kunde bei der Beauftragung einer Reinigungsfirma kein Risiko eingehen.[\/vc_column_text][\/vc_column][vc_column width=&#8221;1\/3&#8243; css=&#8221;.vc_custom_1485759922503{padding-right: 0px !important;padding-left: 0px !important;}&#8221; offset=&#8221;vc_col-lg-2 vc_col-md-4 vc_col-xs-12&#8243;][stm_spacing lg_spacing=&#8221;50px&#8221;][vc_pie value=&#8221;100&#8243; label_value=&#8221;100&#8243; color=&#8221;custom&#8221; title=&#8221;steuerlich absetzbar&#8221; units=&#8221;%&#8221; custom_color=&#8221;#7bc74d&#8221; css=&#8221;.vc_custom_1507716197244{padding-top: 45px !important;}&#8221;][\/vc_column][vc_column width=&#8221;1\/3&#8243; css=&#8221;.vc_custom_1485759931037{padding-right: 0px !important;padding-left: 0px !important;}&#8221; offset=&#8221;vc_col-lg-2 vc_col-md-4 vc_col-xs-12&#8243;][stm_spacing lg_spacing=&#8221;50px&#8221;][vc_pie value=&#8221;90&#8243; label_value=&#8221;20&#8243; color=&#8221;custom&#8221; title=&#8221;Jahre&#8221; custom_color=&#8221;#7bc74d&#8221; css=&#8221;.vc_custom_1507716656953{padding-top: 45px !important;}&#8221;][\/vc_column][vc_column width=&#8221;1\/3&#8243; css=&#8221;.vc_custom_1485759938903{padding-right: 0px !important;padding-left: 0px !important;}&#8221; offset=&#8221;vc_col-lg-2 vc_col-md-4 vc_col-xs-12&#8243;][stm_spacing lg_spacing=&#8221;50px&#8221;][vc_pie value=&#8221;80&#8243; label_value=&#8221;15&#8243; color=&#8221;custom&#8221; title=&#8221;Mitarbeiter&#8221; custom_color=&#8221;#7bc74d&#8221; css=&#8221;.vc_custom_1507716639730{padding-top: 45px !important;}&#8221;][\/vc_column][\/vc_row][vc_row full_width=&#8221;stretch_row&#8221; el_class=&#8221;third_bg_color&#8221; css=&#8221;.vc_custom_1451889219674{margin-bottom: -60px !important;}&#8221;][vc_column][vc_cta h2=&#8221;Sie suchen einen zuverl\u00e4ssigen Fensterputzer in Schwabach?&#8221; h2_font_container=&#8221;font_size:20px|color:%23000000|line_height:24px&#8221; h2_use_theme_fonts=&#8221;yes&#8221; shape=&#8221;square&#8221; style=&#8221;flat&#8221; add_button=&#8221;right&#8221; btn_title=&#8221;Zu unseren Kontaktm\u00f6glichkeiten&#8221; btn_style=&#8221;flat&#8221; btn_color=&#8221;theme_style_2&#8243; btn_align=&#8221;right&#8221; btn_i_align=&#8221;right&#8221; btn_i_icon_fontawesome=&#8221;fa fa-chevron-right&#8221; use_custom_fonts_h2=&#8221;true&#8221; btn_button_block=&#8221;true&#8221; btn_add_icon=&#8221;true&#8221; el_class=&#8221;third_bg_color&#8221; css=&#8221;.vc_custom_1511778902060{margin-bottom: 0px !important;}&#8221; btn_link=&#8221;url:https%3A%2F%2Fputzen-privat.de%2Fschwabach%2Fkontakt%2F|||&#8221;][\/vc_cta][\/vc_column][\/vc_row]<\/p>\n<\/div>","protected":false},"excerpt":{"rendered":"<p>[vc_row css=&#8221;.vc_custom_1507714659521{margin-bottom: 60px !important;}&#8221;][vc_column][vc_column_text css_animation=&#8221;fadeIn&#8221; css=&#8221;.vc_custom_1510569602513{margin-top: 40px !important;}&#8221;] Fensterputzer Schwabach &#8211; Ihr Team Sch\u00e4ffer Nicht umsonst haben wir uns im Laufe der Jahre einen Namen im Reinigungsgewerbe gemacht. Bereits im Jahr 2000 begann Eduard Sch\u00e4ffer seine Ausbildung als Geb\u00e4udereiniger in einem alteingesessenen Betrieb in F\u00fcrth. Nach Ende der Ausbildung sammelte er dort einige Jahre Berufserfahrung,<\/p>\n","protected":false},"author":1,"featured_media":0,"parent":0,"menu_order":0,"comment_status":"closed","ping_status":"closed","template":"","meta":{"ngg_post_thumbnail":0,"footnotes":""},"class_list":["post-1839","page","type-page","status-publish","hentry"],"yoast_head":"<!-- This site is optimized with the Yoast SEO plugin v27.0 - https:\/\/yoast.com\/product\/yoast-seo-wordpress\/ -->\n<title>Team Sch\u00e4ffer GmbH - Fensterputzer Schwabach<\/title>\n<meta name=\"robots\" content=\"index, follow, max-snippet:-1, max-image-preview:large, max-video-preview:-1\" \/>\n<link rel=\"canonical\" href=\"https:\/\/putzen-privat.de\/schwabach\/team-schaeffer-gmbh\/\" \/>\n<meta property=\"og:locale\" content=\"de_DE\" \/>\n<meta property=\"og:type\" content=\"article\" \/>\n<meta property=\"og:title\" content=\"Team Sch\u00e4ffer GmbH - Fensterputzer Schwabach\" \/>\n<meta property=\"og:description\" content=\"[vc_row css=&#8221;.vc_custom_1507714659521{margin-bottom: 60px !important;}&#8221;][vc_column][vc_column_text css_animation=&#8221;fadeIn&#8221; css=&#8221;.vc_custom_1510569602513{margin-top: 40px !important;}&#8221;] Fensterputzer Schwabach &#8211; Ihr Team Sch\u00e4ffer Nicht umsonst haben wir uns im Laufe der Jahre einen Namen im Reinigungsgewerbe gemacht. Bereits im Jahr 2000 begann Eduard Sch\u00e4ffer seine Ausbildung als Geb\u00e4udereiniger in einem alteingesessenen Betrieb in F\u00fcrth. Nach Ende der Ausbildung sammelte er dort einige Jahre Berufserfahrung,\" \/>\n<meta property=\"og:url\" content=\"https:\/\/putzen-privat.de\/schwabach\/team-schaeffer-gmbh\/\" \/>\n<meta property=\"og:site_name\" content=\"Fensterputzer Schwabach\" \/>\n<meta property=\"article:modified_time\" content=\"2017-11-27T10:35:23+00:00\" \/>\n<meta name=\"twitter:card\" content=\"summary_large_image\" \/>\n<meta name=\"twitter:label1\" content=\"Gesch\u00e4tzte Lesezeit\" \/>\n\t<meta name=\"twitter:data1\" content=\"4\u00a0Minuten\" \/>\n<script type=\"application\/ld+json\" class=\"yoast-schema-graph\">{\"@context\":\"https:\/\/schema.org\",\"@graph\":[{\"@type\":\"WebPage\",\"@id\":\"https:\/\/putzen-privat.de\/schwabach\/team-schaeffer-gmbh\/\",\"url\":\"https:\/\/putzen-privat.de\/schwabach\/team-schaeffer-gmbh\/\",\"name\":\"Team Sch\u00e4ffer GmbH - Fensterputzer Schwabach\",\"isPartOf\":{\"@id\":\"https:\/\/putzen-privat.de\/schwabach\/#website\"},\"datePublished\":\"2015-12-15T07:37:33+00:00\",\"dateModified\":\"2017-11-27T10:35:23+00:00\",\"breadcrumb\":{\"@id\":\"https:\/\/putzen-privat.de\/schwabach\/team-schaeffer-gmbh\/#breadcrumb\"},\"inLanguage\":\"de\",\"potentialAction\":[{\"@type\":\"ReadAction\",\"target\":[\"https:\/\/putzen-privat.de\/schwabach\/team-schaeffer-gmbh\/\"]}]},{\"@type\":\"BreadcrumbList\",\"@id\":\"https:\/\/putzen-privat.de\/schwabach\/team-schaeffer-gmbh\/#breadcrumb\",\"itemListElement\":[{\"@type\":\"ListItem\",\"position\":1,\"name\":\"Startseite\",\"item\":\"https:\/\/putzen-privat.de\/schwabach\/\"},{\"@type\":\"ListItem\",\"position\":2,\"name\":\"Team Sch\u00e4ffer GmbH\"}]},{\"@type\":\"WebSite\",\"@id\":\"https:\/\/putzen-privat.de\/schwabach\/#website\",\"url\":\"https:\/\/putzen-privat.de\/schwabach\/\",\"name\":\"Fensterputzer Schwabach\",\"description\":\"Fensterreinigung, Glasreinigung Schwabach\",\"potentialAction\":[{\"@type\":\"SearchAction\",\"target\":{\"@type\":\"EntryPoint\",\"urlTemplate\":\"https:\/\/putzen-privat.de\/schwabach\/?s={search_term_string}\"},\"query-input\":{\"@type\":\"PropertyValueSpecification\",\"valueRequired\":true,\"valueName\":\"search_term_string\"}}],\"inLanguage\":\"de\"}]}<\/script>\n<!-- \/ Yoast SEO plugin. -->","yoast_head_json":{"title":"Team Sch\u00e4ffer GmbH - Fensterputzer Schwabach","robots":{"index":"index","follow":"follow","max-snippet":"max-snippet:-1","max-image-preview":"max-image-preview:large","max-video-preview":"max-video-preview:-1"},"canonical":"https:\/\/putzen-privat.de\/schwabach\/team-schaeffer-gmbh\/","og_locale":"de_DE","og_type":"article","og_title":"Team Sch\u00e4ffer GmbH - Fensterputzer Schwabach","og_description":"[vc_row css=&#8221;.vc_custom_1507714659521{margin-bottom: 60px !important;}&#8221;][vc_column][vc_column_text css_animation=&#8221;fadeIn&#8221; css=&#8221;.vc_custom_1510569602513{margin-top: 40px !important;}&#8221;] Fensterputzer Schwabach &#8211; Ihr Team Sch\u00e4ffer Nicht umsonst haben wir uns im Laufe der Jahre einen Namen im Reinigungsgewerbe gemacht. Bereits im Jahr 2000 begann Eduard Sch\u00e4ffer seine Ausbildung als Geb\u00e4udereiniger in einem alteingesessenen Betrieb in F\u00fcrth. Nach Ende der Ausbildung sammelte er dort einige Jahre Berufserfahrung,","og_url":"https:\/\/putzen-privat.de\/schwabach\/team-schaeffer-gmbh\/","og_site_name":"Fensterputzer Schwabach","article_modified_time":"2017-11-27T10:35:23+00:00","twitter_card":"summary_large_image","twitter_misc":{"Gesch\u00e4tzte Lesezeit":"4\u00a0Minuten"},"schema":{"@context":"https:\/\/schema.org","@graph":[{"@type":"WebPage","@id":"https:\/\/putzen-privat.de\/schwabach\/team-schaeffer-gmbh\/","url":"https:\/\/putzen-privat.de\/schwabach\/team-schaeffer-gmbh\/","name":"Team Sch\u00e4ffer GmbH - Fensterputzer Schwabach","isPartOf":{"@id":"https:\/\/putzen-privat.de\/schwabach\/#website"},"datePublished":"2015-12-15T07:37:33+00:00","dateModified":"2017-11-27T10:35:23+00:00","breadcrumb":{"@id":"https:\/\/putzen-privat.de\/schwabach\/team-schaeffer-gmbh\/#breadcrumb"},"inLanguage":"de","potentialAction":[{"@type":"ReadAction","target":["https:\/\/putzen-privat.de\/schwabach\/team-schaeffer-gmbh\/"]}]},{"@type":"BreadcrumbList","@id":"https:\/\/putzen-privat.de\/schwabach\/team-schaeffer-gmbh\/#breadcrumb","itemListElement":[{"@type":"ListItem","position":1,"name":"Startseite","item":"https:\/\/putzen-privat.de\/schwabach\/"},{"@type":"ListItem","position":2,"name":"Team Sch\u00e4ffer GmbH"}]},{"@type":"WebSite","@id":"https:\/\/putzen-privat.de\/schwabach\/#website","url":"https:\/\/putzen-privat.de\/schwabach\/","name":"Fensterputzer Schwabach","description":"Fensterreinigung, Glasreinigung Schwabach","potentialAction":[{"@type":"SearchAction","target":{"@type":"EntryPoint","urlTemplate":"https:\/\/putzen-privat.de\/schwabach\/?s={search_term_string}"},"query-input":{"@type":"PropertyValueSpecification","valueRequired":true,"valueName":"search_term_string"}}],"inLanguage":"de"}]}},"_links":{"self":[{"href":"https:\/\/putzen-privat.de\/schwabach\/wp-json\/wp\/v2\/pages\/1839","targetHints":{"allow":["GET"]}}],"collection":[{"href":"https:\/\/putzen-privat.de\/schwabach\/wp-json\/wp\/v2\/pages"}],"about":[{"href":"https:\/\/putzen-privat.de\/schwabach\/wp-json\/wp\/v2\/types\/page"}],"author":[{"embeddable":true,"href":"https:\/\/putzen-privat.de\/schwabach\/wp-json\/wp\/v2\/users\/1"}],"replies":[{"embeddable":true,"href":"https:\/\/putzen-privat.de\/schwabach\/wp-json\/wp\/v2\/comments?post=1839"}],"version-history":[{"count":3,"href":"https:\/\/putzen-privat.de\/schwabach\/wp-json\/wp\/v2\/pages\/1839\/revisions"}],"predecessor-version":[{"id":2160,"href":"https:\/\/putzen-privat.de\/schwabach\/wp-json\/wp\/v2\/pages\/1839\/revisions\/2160"}],"wp:attachment":[{"href":"https:\/\/putzen-privat.de\/schwabach\/wp-json\/wp\/v2\/media?parent=1839"}],"curies":[{"name":"wp","href":"https:\/\/api.w.org\/{rel}","templated":true}]}}