{"id":1171,"date":"2017-02-08T09:48:39","date_gmt":"2017-02-08T09:48:39","guid":{"rendered":"http:\/\/consulting.stylemixthemes.com\/demo\/?page_id=1171"},"modified":"2024-08-17T11:46:49","modified_gmt":"2024-08-17T09:46:49","slug":"kontakt","status":"publish","type":"page","link":"https:\/\/putzen-privat.de\/schwabach\/kontakt\/","title":{"rendered":"Fensterreinigung-Team Sch\u00e4ffer GmbH"},"content":{"rendered":"<div class=\"wpb-content-wrapper\"><p>[vc_row css=&#8221;.vc_custom_1485423383193{margin-bottom: 20px !important;}&#8221;][vc_column css=&#8221;.vc_custom_1485424286916{margin-bottom: 30px !important;}&#8221; offset=&#8221;vc_col-lg-4&#8243;][vc_column_text css=&#8221;.vc_custom_1507543350379{margin-bottom: 28px !important;border-bottom-width: 3px !important;padding-bottom: 32px !important;border-bottom-color: #002e5b !important;border-bottom-style: solid !important;}&#8221; el_class=&#8221;border_base_color&#8221;]Haben Sie Fragen zu unserer Glasreinigung oder um unsere Dienstleistung rund um Ihre Fenster? Dann schreiben Sie uns. Sie erreichen uns unter folgenden M\u00f6glichkeiten.[\/vc_column_text][stm_contacts_widget style=&#8221;style_4&#8243; email=&#8221;fensterreinigung-team@putzen-privat.de&#8221; title=&#8221;Team Sch\u00e4ffer GmbH&#8221; address=&#8221;Hans-Fallada-Stra\u00dfe 100<br \/>\n90471 N\u00fcrnberg&#8221; phone=&#8221;0911 &#8211; 24 19 004&#8243;][vc_column_text]Gesch\u00e4ftsf\u00fchrer:<br \/>\nEduard Sch\u00e4ffer<\/p>\n<p>USt-IdNr: DE310937662<\/p>\n<p>Registergericht: Amtsgericht N\u00fcrnberg<br \/>\nRegisternummer: HRB 33897[\/vc_column_text][\/vc_column][vc_column css=&#8221;.vc_custom_1485424295749{margin-bottom: 30px !important;}&#8221; offset=&#8221;vc_col-lg-8&#8243;]\n<div class=\"wpcf7 no-js\" id=\"wpcf7-f1719-o1\" lang=\"en-US\" dir=\"ltr\" data-wpcf7-id=\"1719\">\n<div class=\"screen-reader-response\"><p role=\"status\" aria-live=\"polite\" aria-atomic=\"true\"><\/p> <ul><\/ul><\/div>\n<form action=\"\/schwabach\/wp-json\/wp\/v2\/pages\/1171#wpcf7-f1719-o1\" method=\"post\" class=\"wpcf7-form init\" aria-label=\"Contact form\" novalidate=\"novalidate\" data-status=\"init\">\n<fieldset class=\"hidden-fields-container\"><input type=\"hidden\" name=\"_wpcf7\" value=\"1719\" \/><input type=\"hidden\" name=\"_wpcf7_version\" value=\"6.1.5\" \/><input type=\"hidden\" name=\"_wpcf7_locale\" value=\"en_US\" \/><input type=\"hidden\" name=\"_wpcf7_unit_tag\" value=\"wpcf7-f1719-o1\" \/><input type=\"hidden\" name=\"_wpcf7_container_post\" value=\"0\" \/><input type=\"hidden\" name=\"_wpcf7_posted_data_hash\" value=\"\" \/>\n<\/fieldset>\n<div class=\"request_callback\">\n    <div class=\"row\">\n        <div class=\"col-lg-12 col-md-12 col-sm-12 col-xs-12\">\n            <div class=\"input-group\">\n                <span class=\"wpcf7-form-control-wrap\" data-name=\"message\"><textarea cols=\"40\" rows=\"10\" maxlength=\"2000\" class=\"wpcf7-form-control wpcf7-textarea wpcf7-validates-as-required\" aria-required=\"true\" aria-invalid=\"false\" placeholder=\"Ihre Nachricht an uns *\" name=\"message\"><\/textarea><\/span>\n            <\/div>\n        <\/div>\n        <div class=\"col-lg-4 col-md-4 col-sm-4 col-xs-12\">\n            <div class=\"input-group\">\n                <span class=\"wpcf7-form-control-wrap\" data-name=\"text-name\"><input size=\"40\" maxlength=\"400\" class=\"wpcf7-form-control wpcf7-text wpcf7-validates-as-required\" aria-required=\"true\" aria-invalid=\"false\" placeholder=\"Ihr Name *\" value=\"\" type=\"text\" name=\"text-name\" \/><\/span>\n            <\/div>\n        <\/div>\n        <div class=\"col-lg-4 col-md-4 col-sm-4 col-xs-12\">\n            <div class=\"input-group\">\n                <span class=\"wpcf7-form-control-wrap\" data-name=\"email\"><input size=\"40\" maxlength=\"400\" class=\"wpcf7-form-control wpcf7-email wpcf7-text wpcf7-validates-as-email\" aria-invalid=\"false\" placeholder=\"Ihre E-Mail\" value=\"\" type=\"email\" name=\"email\" \/><\/span>\n            <\/div>\n        <\/div>\n        <div class=\"col-lg-4 col-md-4 col-sm-4 col-xs-12\">\n            <div class=\"input-group\">\n                <span class=\"wpcf7-form-control-wrap\" data-name=\"tel\"><input size=\"40\" maxlength=\"400\" class=\"wpcf7-form-control wpcf7-text\" aria-invalid=\"false\" placeholder=\"Ihre Rufnummer\" value=\"\" type=\"text\" name=\"tel\" \/><\/span>\n                <\/div>\n        <\/div>\n     <\/div>\n<span class=\"wpcf7-form-control-wrap\" data-name=\"your-consent\"><span class=\"wpcf7-form-control wpcf7-acceptance\"><span class=\"wpcf7-list-item\"><label><input type=\"checkbox\" name=\"your-consent\" value=\"1\" aria-invalid=\"false\" \/><span class=\"wpcf7-list-item-label\">Einwilligung zur Datenaufnahme: Ich habe die <a href=\"https:\/\/putzen-privat.de\/datenschutzerklaerung\/\" target=\"_blank\"> Datenschutzerkl\u00e4rung <\/a> zur Kenntnis genommen<\/span><\/label><\/span><\/span><\/span>\n        <div class=\"col-lg-12 col-md-12 col-sm-12 col-xs-12\">\n            <div class=\"input-group\">\n                <button type=\"submit\" class=\"button size-lg icon_right\">Nachricht absenden<i class=\"fa fa-chevron-right\"><\/i><\/button>\n            <\/div>\n        <\/div>\n    <\/div><div class=\"wpcf7-response-output\" aria-hidden=\"true\"><\/div>\n<\/form>\n<\/div>\n[\/vc_column][\/vc_row][vc_row full_width=&#8221;stretch_row_content_no_spaces&#8221; css=&#8221;.vc_custom_1485423323752{margin-bottom: -60px !important;}&#8221;][vc_column][vc_gmaps link=&#8221;#E-8_JTNDaWZyYW1lJTIwc3JjJTNEJTIyaHR0cHMlM0ElMkYlMkZ3d3cuZ29vZ2xlLmNvbSUyRm1hcHMlMkZlbWJlZCUzRnBiJTNEJTIxMW0xOCUyMTFtMTIlMjExbTMlMjExZDI2MDAuMTY3Njk4NjkyODYwNSUyMTJkMTEuMDE3OTAwNTc3NDcwNzEyJTIxM2Q0OS4zMzAwNDM3NzE0MDAwODUlMjEybTMlMjExZjAlMjEyZjAlMjEzZjAlMjEzbTIlMjExaTEwMjQlMjEyaTc2OCUyMTRmMTMuMSUyMTNtMyUyMTFtMiUyMTFzMHg0NzlmNTAyYTNiYzAxZDI5JTI1M0EweDhmYzEzMmY0MDZjYjU2NWYlMjEyc0JhY2hnYXNzZSUyNTIwMTQlMjUyQyUyNTIwOTExMjYlMjUyMFNjaHdhYmFjaCUyMTVlMCUyMTNtMiUyMTFzZGUlMjEyc2RlJTIxNHYxNzIzODg3OTI4NDkxJTIxNW0yJTIxMXNkZSUyMTJzZGUlMjIlMjB3aWR0aCUzRCUyMjYwMCUyMiUyMGhlaWdodCUzRCUyMjQ1MCUyMiUyMHN0eWxlJTNEJTIyYm9yZGVyJTNBMCUzQiUyMiUyMGFsbG93ZnVsbHNjcmVlbiUzRCUyMiUyMiUyMGxvYWRpbmclM0QlMjJsYXp5JTIyJTIwcmVmZXJyZXJwb2xpY3klM0QlMjJuby1yZWZlcnJlci13aGVuLWRvd25ncmFkZSUyMiUzRSUzQyUyRmlmcmFtZSUzRQ==&#8221; css=&#8221;&#8221;][\/vc_column][\/vc_row][vc_row][vc_column][vc_column_text][\/vc_column_text][\/vc_column][\/vc_row]<\/p>\n<\/div>","protected":false},"excerpt":{"rendered":"<p>[vc_row css=&#8221;.vc_custom_1485423383193{margin-bottom: 20px !important;}&#8221;][vc_column css=&#8221;.vc_custom_1485424286916{margin-bottom: 30px !important;}&#8221; offset=&#8221;vc_col-lg-4&#8243;][vc_column_text css=&#8221;.vc_custom_1507543350379{margin-bottom: 28px !important;border-bottom-width: 3px !important;padding-bottom: 32px !important;border-bottom-color: #002e5b !important;border-bottom-style: solid !important;}&#8221; el_class=&#8221;border_base_color&#8221;]Haben Sie Fragen zu unserer Glasreinigung oder um unsere Dienstleistung rund um Ihre Fenster? Dann schreiben Sie uns. Sie erreichen uns unter folgenden M\u00f6glichkeiten.[\/vc_column_text][stm_contacts_widget style=&#8221;style_4&#8243; email=&#8221;fensterreinigung-team@putzen-privat.de&#8221; title=&#8221;Team Sch\u00e4ffer GmbH&#8221; address=&#8221;Hans-Fallada-Stra\u00dfe 100 90471 N\u00fcrnberg&#8221; phone=&#8221;0911 &#8211; 24<\/p>\n","protected":false},"author":1,"featured_media":0,"parent":0,"menu_order":0,"comment_status":"closed","ping_status":"closed","template":"","meta":{"ngg_post_thumbnail":0,"footnotes":""},"class_list":["post-1171","page","type-page","status-publish","hentry"],"yoast_head":"<!-- This site is optimized with the Yoast SEO plugin v27.0 - https:\/\/yoast.com\/product\/yoast-seo-wordpress\/ -->\n<title>Fensterreinigung-Team Sch\u00e4ffer GmbH - Fensterputzer Schwabach<\/title>\n<meta name=\"robots\" content=\"index, follow, max-snippet:-1, max-image-preview:large, max-video-preview:-1\" \/>\n<link rel=\"canonical\" href=\"https:\/\/putzen-privat.de\/schwabach\/kontakt\/\" \/>\n<meta property=\"og:locale\" content=\"de_DE\" \/>\n<meta property=\"og:type\" content=\"article\" \/>\n<meta property=\"og:title\" content=\"Fensterreinigung-Team Sch\u00e4ffer GmbH - Fensterputzer Schwabach\" \/>\n<meta property=\"og:description\" content=\"[vc_row css=&#8221;.vc_custom_1485423383193{margin-bottom: 20px !important;}&#8221;][vc_column css=&#8221;.vc_custom_1485424286916{margin-bottom: 30px !important;}&#8221; offset=&#8221;vc_col-lg-4&#8243;][vc_column_text css=&#8221;.vc_custom_1507543350379{margin-bottom: 28px !important;border-bottom-width: 3px !important;padding-bottom: 32px !important;border-bottom-color: #002e5b !important;border-bottom-style: solid !important;}&#8221; el_class=&#8221;border_base_color&#8221;]Haben Sie Fragen zu unserer Glasreinigung oder um unsere Dienstleistung rund um Ihre Fenster? Dann schreiben Sie uns. Sie erreichen uns unter folgenden M\u00f6glichkeiten.[\/vc_column_text][stm_contacts_widget style=&#8221;style_4&#8243; email=&#8221;fensterreinigung-team@putzen-privat.de&#8221; title=&#8221;Team Sch\u00e4ffer GmbH&#8221; address=&#8221;Hans-Fallada-Stra\u00dfe 100 90471 N\u00fcrnberg&#8221; phone=&#8221;0911 &#8211; 24\" \/>\n<meta property=\"og:url\" content=\"https:\/\/putzen-privat.de\/schwabach\/kontakt\/\" \/>\n<meta property=\"og:site_name\" content=\"Fensterputzer Schwabach\" \/>\n<meta property=\"article:modified_time\" content=\"2024-08-17T09:46:49+00:00\" \/>\n<meta name=\"twitter:card\" content=\"summary_large_image\" \/>\n<meta name=\"twitter:label1\" content=\"Gesch\u00e4tzte Lesezeit\" \/>\n\t<meta name=\"twitter:data1\" content=\"1\u00a0Minute\" \/>\n<script type=\"application\/ld+json\" class=\"yoast-schema-graph\">{\"@context\":\"https:\/\/schema.org\",\"@graph\":[{\"@type\":\"WebPage\",\"@id\":\"https:\/\/putzen-privat.de\/schwabach\/kontakt\/\",\"url\":\"https:\/\/putzen-privat.de\/schwabach\/kontakt\/\",\"name\":\"Fensterreinigung-Team Sch\u00e4ffer GmbH - Fensterputzer Schwabach\",\"isPartOf\":{\"@id\":\"https:\/\/putzen-privat.de\/schwabach\/#website\"},\"datePublished\":\"2017-02-08T09:48:39+00:00\",\"dateModified\":\"2024-08-17T09:46:49+00:00\",\"breadcrumb\":{\"@id\":\"https:\/\/putzen-privat.de\/schwabach\/kontakt\/#breadcrumb\"},\"inLanguage\":\"de\",\"potentialAction\":[{\"@type\":\"ReadAction\",\"target\":[\"https:\/\/putzen-privat.de\/schwabach\/kontakt\/\"]}]},{\"@type\":\"BreadcrumbList\",\"@id\":\"https:\/\/putzen-privat.de\/schwabach\/kontakt\/#breadcrumb\",\"itemListElement\":[{\"@type\":\"ListItem\",\"position\":1,\"name\":\"Startseite\",\"item\":\"https:\/\/putzen-privat.de\/schwabach\/\"},{\"@type\":\"ListItem\",\"position\":2,\"name\":\"Fensterreinigung-Team Sch\u00e4ffer GmbH\"}]},{\"@type\":\"WebSite\",\"@id\":\"https:\/\/putzen-privat.de\/schwabach\/#website\",\"url\":\"https:\/\/putzen-privat.de\/schwabach\/\",\"name\":\"Fensterputzer Schwabach\",\"description\":\"Fensterreinigung, Glasreinigung Schwabach\",\"potentialAction\":[{\"@type\":\"SearchAction\",\"target\":{\"@type\":\"EntryPoint\",\"urlTemplate\":\"https:\/\/putzen-privat.de\/schwabach\/?s={search_term_string}\"},\"query-input\":{\"@type\":\"PropertyValueSpecification\",\"valueRequired\":true,\"valueName\":\"search_term_string\"}}],\"inLanguage\":\"de\"}]}<\/script>\n<!-- \/ Yoast SEO plugin. -->","yoast_head_json":{"title":"Fensterreinigung-Team Sch\u00e4ffer GmbH - Fensterputzer Schwabach","robots":{"index":"index","follow":"follow","max-snippet":"max-snippet:-1","max-image-preview":"max-image-preview:large","max-video-preview":"max-video-preview:-1"},"canonical":"https:\/\/putzen-privat.de\/schwabach\/kontakt\/","og_locale":"de_DE","og_type":"article","og_title":"Fensterreinigung-Team Sch\u00e4ffer GmbH - Fensterputzer Schwabach","og_description":"[vc_row css=&#8221;.vc_custom_1485423383193{margin-bottom: 20px !important;}&#8221;][vc_column css=&#8221;.vc_custom_1485424286916{margin-bottom: 30px !important;}&#8221; offset=&#8221;vc_col-lg-4&#8243;][vc_column_text css=&#8221;.vc_custom_1507543350379{margin-bottom: 28px !important;border-bottom-width: 3px !important;padding-bottom: 32px !important;border-bottom-color: #002e5b !important;border-bottom-style: solid !important;}&#8221; el_class=&#8221;border_base_color&#8221;]Haben Sie Fragen zu unserer Glasreinigung oder um unsere Dienstleistung rund um Ihre Fenster? Dann schreiben Sie uns. Sie erreichen uns unter folgenden M\u00f6glichkeiten.[\/vc_column_text][stm_contacts_widget style=&#8221;style_4&#8243; email=&#8221;fensterreinigung-team@putzen-privat.de&#8221; title=&#8221;Team Sch\u00e4ffer GmbH&#8221; address=&#8221;Hans-Fallada-Stra\u00dfe 100 90471 N\u00fcrnberg&#8221; phone=&#8221;0911 &#8211; 24","og_url":"https:\/\/putzen-privat.de\/schwabach\/kontakt\/","og_site_name":"Fensterputzer Schwabach","article_modified_time":"2024-08-17T09:46:49+00:00","twitter_card":"summary_large_image","twitter_misc":{"Gesch\u00e4tzte Lesezeit":"1\u00a0Minute"},"schema":{"@context":"https:\/\/schema.org","@graph":[{"@type":"WebPage","@id":"https:\/\/putzen-privat.de\/schwabach\/kontakt\/","url":"https:\/\/putzen-privat.de\/schwabach\/kontakt\/","name":"Fensterreinigung-Team Sch\u00e4ffer GmbH - Fensterputzer Schwabach","isPartOf":{"@id":"https:\/\/putzen-privat.de\/schwabach\/#website"},"datePublished":"2017-02-08T09:48:39+00:00","dateModified":"2024-08-17T09:46:49+00:00","breadcrumb":{"@id":"https:\/\/putzen-privat.de\/schwabach\/kontakt\/#breadcrumb"},"inLanguage":"de","potentialAction":[{"@type":"ReadAction","target":["https:\/\/putzen-privat.de\/schwabach\/kontakt\/"]}]},{"@type":"BreadcrumbList","@id":"https:\/\/putzen-privat.de\/schwabach\/kontakt\/#breadcrumb","itemListElement":[{"@type":"ListItem","position":1,"name":"Startseite","item":"https:\/\/putzen-privat.de\/schwabach\/"},{"@type":"ListItem","position":2,"name":"Fensterreinigung-Team Sch\u00e4ffer GmbH"}]},{"@type":"WebSite","@id":"https:\/\/putzen-privat.de\/schwabach\/#website","url":"https:\/\/putzen-privat.de\/schwabach\/","name":"Fensterputzer Schwabach","description":"Fensterreinigung, Glasreinigung Schwabach","potentialAction":[{"@type":"SearchAction","target":{"@type":"EntryPoint","urlTemplate":"https:\/\/putzen-privat.de\/schwabach\/?s={search_term_string}"},"query-input":{"@type":"PropertyValueSpecification","valueRequired":true,"valueName":"search_term_string"}}],"inLanguage":"de"}]}},"_links":{"self":[{"href":"https:\/\/putzen-privat.de\/schwabach\/wp-json\/wp\/v2\/pages\/1171","targetHints":{"allow":["GET"]}}],"collection":[{"href":"https:\/\/putzen-privat.de\/schwabach\/wp-json\/wp\/v2\/pages"}],"about":[{"href":"https:\/\/putzen-privat.de\/schwabach\/wp-json\/wp\/v2\/types\/page"}],"author":[{"embeddable":true,"href":"https:\/\/putzen-privat.de\/schwabach\/wp-json\/wp\/v2\/users\/1"}],"replies":[{"embeddable":true,"href":"https:\/\/putzen-privat.de\/schwabach\/wp-json\/wp\/v2\/comments?post=1171"}],"version-history":[{"count":4,"href":"https:\/\/putzen-privat.de\/schwabach\/wp-json\/wp\/v2\/pages\/1171\/revisions"}],"predecessor-version":[{"id":2706,"href":"https:\/\/putzen-privat.de\/schwabach\/wp-json\/wp\/v2\/pages\/1171\/revisions\/2706"}],"wp:attachment":[{"href":"https:\/\/putzen-privat.de\/schwabach\/wp-json\/wp\/v2\/media?parent=1171"}],"curies":[{"name":"wp","href":"https:\/\/api.w.org\/{rel}","templated":true}]}}