{"id":1071,"date":"2015-12-14T07:14:55","date_gmt":"2015-12-14T07:14:55","guid":{"rendered":"http:\/\/consulting.stylemixthemes.com\/?page_id=2"},"modified":"2024-11-17T10:00:59","modified_gmt":"2024-11-17T09:00:59","slug":"startseite","status":"publish","type":"page","link":"https:\/\/putzen-privat.de\/schwabach\/","title":{"rendered":"Startseite"},"content":{"rendered":"<div class=\"wpb-content-wrapper\"><p>[vc_row full_width=&#8221;stretch_row&#8221; content_placement=&#8221;middle&#8221; css_animation=&#8221;none&#8221; css=&#8221;.vc_custom_1612195004302{margin-bottom: 0px !important;background-image: url(https:\/\/putzen-privat.de\/schwabach\/wp-content\/uploads\/sites\/7\/2021\/02\/Fensterputzer-Schwabach.jpg?id=2197) !important;background-position: center !important;background-repeat: no-repeat !important;background-size: cover !important;}&#8221;][vc_column offset=&#8221;vc_hidden-xs&#8221;][vc_custom_heading stripe_pos=&#8221;hide&#8221; stm_title_font_weight=&#8221;700&#8243; text=&#8221;Fensterputzer Schwabach&#8221; font_container=&#8221;tag:h2|font_size:70px|text_align:left|color:%23ffffff|line_height:80px&#8221; use_theme_fonts=&#8221;yes&#8221; css_animation=&#8221;fadeIn&#8221; css=&#8221;.vc_custom_1612195920371{margin-top: 250px !important;margin-bottom: 50px !important;}&#8221; subtitle_color=&#8221;#ffffff&#8221;][vc_column_text css=&#8221;.vc_custom_1612003674656{margin-right: 20% !important;padding-left: 20px !important;background-color: rgba(255,255,255,0.5) !important;*background-color: rgb(255,255,255) !important;}&#8221;]<span style=\"color: #ffffff; font-size: 26px; line-height: 40px;\"><strong>Wir putzen Ihre Fenster professionell, z\u00fcgig und zuverl\u00e4ssig<br \/>\ndaf\u00fcr stehen wir seit \u00fcber 20 Jahren.<\/strong><\/span>[\/vc_column_text][vc_btn title=&#8221;Wer wir sind&#8221; style=&#8221;custom&#8221; custom_background=&#8221;#002e5b&#8221; custom_text=&#8221;#ffffff&#8221; css=&#8221;.vc_custom_1612195752086{margin-bottom: 250px !important;}&#8221; link=&#8221;url:https%3A%2F%2Fputzen-privat.de%2Fschwabach%2Fteam-schaeffer-gmbh%2F&#8221;][\/vc_column][\/vc_row][vc_row full_width=&#8221;stretch_row&#8221; css=&#8221;.vc_custom_1507554600055{margin-bottom: 50px !important;padding-top: 10px !important;padding-bottom: 10px !important;background-color: #fde428 !important;background-position: center !important;background-repeat: no-repeat !important;background-size: cover !important;}&#8221;][vc_column width=&#8221;3\/4&#8243;][vc_custom_heading stripe_pos=&#8221;hide&#8221; text=&#8221;Wir reinigen Ihre Fenster zum Festpreis.&#8221; font_container=&#8221;tag:h3|text_align:left|color:%23002e5b|line_height:34px&#8221; use_theme_fonts=&#8221;yes&#8221;][\/vc_column][vc_column width=&#8221;1\/4&#8243;][vc_btn title=&#8221;Zu unseren Kontaktm\u00f6glichkeiten&#8221; style=&#8221;outline&#8221; color=&#8221;theme_style_2&#8243; align=&#8221;right&#8221; i_align=&#8221;right&#8221; i_icon_fontawesome=&#8221;fa fa-chevron-right&#8221; css=&#8221;.vc_custom_1510568968131{padding-top: 10px !important;}&#8221; add_icon=&#8221;true&#8221; link=&#8221;url:https%3A%2F%2Fputzen-privat.de%2Fschwabach%2Fkontakt|||&#8221;][\/vc_column][\/vc_row][vc_row css=&#8221;.vc_custom_1464686317655{margin-bottom: 69px !important;}&#8221;][vc_column][vc_custom_heading text=&#8221;Ihre Fensterputzer f\u00fcr Sie im Einsatz in Schwabach&#8221; font_container=&#8221;tag:h1|text_align:left&#8221; use_theme_fonts=&#8221;yes&#8221; css_animation=&#8221;fadeIn&#8221;][vc_column_text css_animation=&#8221;fadeIn&#8221;]Seit nunmehr 20 Jahren ist das Team Sch\u00e4ffer als professioneller Fensterputzer in Schwabach und Umgebung f\u00fcr Sie im Einsatz. Professionell, schnell und zuverl\u00e4ssig reinigen wir auch die Fenster in Ihrer Wohnung. Und damit meinen wir nicht allein die Glasfl\u00e4chen: Um Ihnen das leidige Thema \u201eSaubere Fenster\u201c so weit wie nur m\u00f6glich abzunehmen, k\u00fcmmern wir uns auch um die Reinigung von Rahmen und Fensterb\u00e4nken sowie von Rollos, Jalousien und Gardinen. Der qualvolle Blick nach drau\u00dfen, vorbei an staubigen Gardinen und durch Scheiben, die dringend eine Reinigung n\u00f6tig h\u00e4tten, hat damit ein Ende. Wir sorgen daf\u00fcr, dass Sie sich in Ihrem eigenen Zuhause wieder rundum wohl f\u00fchlen. Denn wir wissen ganz genau, dass saubere Fenster sowie eine saubere Wohnumgebung insgesamt ma\u00dfgeblich zum pers\u00f6nlichen Wohlbefinden betragen.<\/p>\n<p>Genau deswegen sind wir seit Jahren f\u00fcr unsere Kunden im Einsatz. Es ist unser Anliegen, Ihnen das Leben ein St\u00fcck weit leichter zu machen. Und da die Hausarbeit einen Gro\u00dfteil unsere Zeit frisst, die wir doch eigentlich mit viel erfreulicheren Dingen f\u00fcllen k\u00f6nnten, nehmen wir Ihnen die l\u00e4stigsten Aufgaben mit Vergn\u00fcgen ab. Wir sind dabei schnell, effektiv, gr\u00fcndlich \u2013 und wir bringen gute Laune in Ihr Leben!<\/p>\n<p>Bei jedem Blick nach drau\u00dfen der gleiche Gedanke: \u201eDie Fenster m\u00fcssten auch mal wieder geputzt werden.\u201c Doch wann? Viel zu sehr nimmt uns der Alltag in Anspruch, genauso wie berufliche und famili\u00e4re Pflichten und nebenbei wollen wir uns auch noch Hobbys und Freunden widmen\u2026 Wer soll da denn noch die Zeit zum Fensterputzen finden?!<\/p>\n<p>Das alle kommt Ihnen bekannt vor? Dann haben wir die L\u00f6sung f\u00fcr Sie. Statt sich fortw\u00e4hrend selbst mit dem Gedanken an die schmutzigen Fenster und dem damit verbundenen zeitlichen wie k\u00f6rperlichen Aufwand zu qu\u00e4len, sollten Sie diese Aufgabe gleich vertrauensvoll in die H\u00e4nde von Profis legen.<\/p>\n<p>Denn als professionelle Fensterputzer in Schwabach sorgen wir nicht nur f\u00fcr ein optimales Reinigungsergebnis. Wir erledigen diese Arbeit vor allem schneller und effektiver, als Sie es sich auch nur tr\u00e4umen lassen k\u00f6nnten. Sparen Sie sich Zeit, Arbeit, M\u00fche und Nerven \u2013 denn mal ehrlich: Wer erledigt die Aufgabe des Fensterputzens schon gerne und ist dann vor allem auch noch mit seinem Ergebnis wirklich zufrieden? Statt sich also auch in Zukunft noch \u00fcber Schlieren, Streifen und dreckige Fensterecken zu \u00e4rgern, lassen Sie am besten direkt den Profi ans Werk.[\/vc_column_text][vc_custom_heading text=&#8221;Ihr professioneller Fensterputzer in Schwabach&#8221; use_theme_fonts=&#8221;yes&#8221; css_animation=&#8221;fadeIn&#8221;][vc_column_text css_animation=&#8221;fadeIn&#8221;]Sie ben\u00f6tigen einen Fensterputzer im Gro\u00dfraum Schwabach? Unsere Firma putz Ihre Fenster zum Festpreis in den Stadtteilen Dietersdorf, Eichwasen, Forsthof, Kernstadt, Limbach, Nasbach, Oberbaimbach, Obermainbach, Penzendorf, Raubershof, Schaftnach, Schwarzach, Uigenau, Unterbaimbach, Unterreichenbach, Vogelherd und Wolkersdorf. Nat\u00fctlich auch in den angrenzenden Gemeinden Kammerstein, Heidenberg, B\u00fcchenbach, Rednitzhembach, Schwanstetten und Wendelstein.[\/vc_column_text][\/vc_column][\/vc_row][vc_row full_width=&#8221;stretch_row&#8221; css=&#8221;.vc_custom_1507550829563{padding-top: 44px !important;padding-bottom: 60px !important;background-color: #002e5b !important;background-position: center !important;background-repeat: no-repeat !important;background-size: cover !important;}&#8221;][vc_column][vc_custom_heading text=&#8221;Warum unserer Kunden uns vertrauen&#8221; font_container=&#8221;tag:h2|text_align:center|color:%23ffffff&#8221; use_theme_fonts=&#8221;yes&#8221; css=&#8221;.vc_custom_1507551448456{margin-bottom: 40px !important;}&#8221;][vc_row_inner equal_height=&#8221;yes&#8221;][vc_column_inner width=&#8221;1\/3&#8243;][stm_info_box align_center=&#8221;yes&#8221; style=&#8221;style_2&#8243; icon=&#8221;fa fa-chevron-right&#8221; title=&#8221;Fenster&#8221; link=&#8221;|||&#8221; css=&#8221;.vc_custom_1507712918238{margin-bottom: 0px !important;}&#8221;]Wir reinigen alle Arten von Fenster inkl. Rahmenw\u00e4sche zum Festpreis.[\/stm_info_box][stm_spacing xs_spacing=&#8221;30px&#8221;][\/vc_column_inner][vc_column_inner width=&#8221;1\/3&#8243;][stm_info_box align_center=&#8221;yes&#8221; style=&#8221;style_2&#8243; icon=&#8221;fa fa-chevron-right&#8221; title=&#8221;Glasd\u00e4cher \/ Vord\u00e4cher&#8221; link=&#8221;|||&#8221; css=&#8221;.vc_custom_1507713012789{margin-bottom: 0px !important;}&#8221;]Wir reinigen Glasd\u00e4cher und Vord\u00e4cher Ihrer H\u00e4user oder Wohnung.[\/stm_info_box][stm_spacing xs_spacing=&#8221;30px&#8221;][\/vc_column_inner][vc_column_inner width=&#8221;1\/3&#8243;][stm_info_box align_center=&#8221;yes&#8221; style=&#8221;style_2&#8243; icon=&#8221;fa fa-chevron-right&#8221; title=&#8221;Sonnenschutzsysteme&#8221; link=&#8221;|||&#8221; css=&#8221;.vc_custom_1507713373006{margin-bottom: 0px !important;}&#8221;]Wir reinigen Ihre Raffstores, Rollos und Jalousien zum Festpreis.[\/stm_info_box][stm_spacing xs_spacing=&#8221;30px&#8221;][\/vc_column_inner][\/vc_row_inner][\/vc_column][\/vc_row][vc_row full_width=&#8221;stretch_row&#8221; el_class=&#8221;overlay_2&#8243; css=&#8221;.vc_custom_1464863728474{margin-bottom: -60px !important;padding-top: 61px !important;padding-bottom: 80px !important;}&#8221;][vc_column][vc_custom_heading text=&#8221;So erreichen Sie uns&#8221; font_container=&#8221;tag:h2|text_align:center|color:%23ffffff&#8221; use_theme_fonts=&#8221;yes&#8221; css=&#8221;.vc_custom_1507550299719{margin-bottom: 47px !important;}&#8221;][stm_contacts_widget style=&#8221;style_3&#8243; address=&#8221;Hans-Fallada-Stra\u00dfe 100<br \/>\n90471 N\u00fcrnberg&#8221; phones=&#8221;09122 &#8211; 88 71 472&#8243; email=&#8221;fensterreinigung-team@putzen-privat.de&#8221; schedule=&#8221;Mo &#8211; Fr: 09:00 \u2013 17:00<br \/>\nUnd nach Vereinbarung&#8221; css=&#8221;.vc_custom_1723887503535{margin-bottom: 21px !important;}&#8221;][stm_spacing xs_spacing=&#8221;20px&#8221;]\n<div class=\"wpcf7 no-js\" id=\"wpcf7-f1625-o1\" lang=\"en-US\" dir=\"ltr\" data-wpcf7-id=\"1625\">\n<div class=\"screen-reader-response\"><p role=\"status\" aria-live=\"polite\" aria-atomic=\"true\"><\/p> <ul><\/ul><\/div>\n<form action=\"\/schwabach\/wp-json\/wp\/v2\/pages\/1071#wpcf7-f1625-o1\" method=\"post\" class=\"wpcf7-form init\" aria-label=\"Contact form\" novalidate=\"novalidate\" data-status=\"init\">\n<fieldset class=\"hidden-fields-container\"><input type=\"hidden\" name=\"_wpcf7\" value=\"1625\" \/><input type=\"hidden\" name=\"_wpcf7_version\" value=\"6.1.5\" \/><input type=\"hidden\" name=\"_wpcf7_locale\" value=\"en_US\" \/><input type=\"hidden\" name=\"_wpcf7_unit_tag\" value=\"wpcf7-f1625-o1\" \/><input type=\"hidden\" name=\"_wpcf7_container_post\" value=\"0\" \/><input type=\"hidden\" name=\"_wpcf7_posted_data_hash\" value=\"\" \/>\n<\/fieldset>\n<div class=\"contact_us\">\n    <div class=\"row\">\n        <div class=\"col-lg-6 col-md-6 col-sm-6 col-xs-12\">\n            <div class=\"input-group\">\n                <span class=\"wpcf7-form-control-wrap\" data-name=\"message\"><textarea cols=\"40\" rows=\"10\" maxlength=\"2000\" class=\"wpcf7-form-control wpcf7-textarea wpcf7-validates-as-required\" aria-required=\"true\" aria-invalid=\"false\" placeholder=\"Ihre Nachricht an uns *\" name=\"message\"><\/textarea><\/span>\n            <\/div>\n        <\/div>\n        <div class=\"col-lg-6 col-md-6 col-sm-6 col-xs-12\">\n            <div class=\"input-group\">\n                <span class=\"wpcf7-form-control-wrap\" data-name=\"text-name\"><input size=\"40\" maxlength=\"400\" class=\"wpcf7-form-control wpcf7-text wpcf7-validates-as-required\" aria-required=\"true\" aria-invalid=\"false\" placeholder=\"Ihr Name *\" value=\"\" type=\"text\" name=\"text-name\" \/><\/span>\n            <\/div>\n            <div class=\"input-group\">\n                <span class=\"wpcf7-form-control-wrap\" data-name=\"email\"><input size=\"40\" maxlength=\"400\" class=\"wpcf7-form-control wpcf7-email wpcf7-text wpcf7-validates-as-email\" aria-invalid=\"false\" placeholder=\"Ihre E-Mail\" value=\"\" type=\"email\" name=\"email\" \/><\/span>\n            <\/div>\n            <div class=\"input-group\">\n                <span class=\"wpcf7-form-control-wrap\" data-name=\"phone\"><input size=\"40\" maxlength=\"400\" class=\"wpcf7-form-control wpcf7-tel wpcf7-text wpcf7-validates-as-tel\" aria-invalid=\"false\" placeholder=\"Ihr Telefon\" value=\"\" type=\"tel\" name=\"phone\" \/><\/span>\n            <\/div>\n        <\/div>\n    <\/div>\n<span class=\"wpcf7-form-control-wrap\" data-name=\"your-consent\"><span class=\"wpcf7-form-control wpcf7-acceptance\"><span class=\"wpcf7-list-item\"><label><input type=\"checkbox\" name=\"your-consent\" value=\"1\" aria-invalid=\"false\" \/><span class=\"wpcf7-list-item-label\">Einwilligung zur Datenaufnahme: Ich habe die <a href=\"https:\/\/putzen-privat.de\/datenschutzerklaerung\/\" target=\"_blank\"> Datenschutzerkl\u00e4rung <\/a> zur Kenntnis genommen<\/span><\/label><\/span><\/span><\/span>\n    <div class=\"input-group text-center\">\n      <button type=\"submit\" class=\"button theme_style_4 size-lg bordered icon_right\">Nachricht absenden <i class=\"fa fa-chevron-right\"><\/i><\/button>\n    <\/div>\n<\/div><div class=\"wpcf7-response-output\" aria-hidden=\"true\"><\/div>\n<\/form>\n<\/div>\n[\/vc_column][\/vc_row]<\/p>\n<\/div>","protected":false},"excerpt":{"rendered":"<p>[vc_row full_width=&#8221;stretch_row&#8221; content_placement=&#8221;middle&#8221; css_animation=&#8221;none&#8221; css=&#8221;.vc_custom_1612195004302{margin-bottom: 0px !important;background-image: url(https:\/\/putzen-privat.de\/schwabach\/wp-content\/uploads\/sites\/7\/2021\/02\/Fensterputzer-Schwabach.jpg?id=2197) !important;background-position: center !important;background-repeat: no-repeat !important;background-size: cover !important;}&#8221;][vc_column offset=&#8221;vc_hidden-xs&#8221;][vc_custom_heading stripe_pos=&#8221;hide&#8221; stm_title_font_weight=&#8221;700&#8243; text=&#8221;Fensterputzer Schwabach&#8221; font_container=&#8221;tag:h2|font_size:70px|text_align:left|color:%23ffffff|line_height:80px&#8221; use_theme_fonts=&#8221;yes&#8221; css_animation=&#8221;fadeIn&#8221; css=&#8221;.vc_custom_1612195920371{margin-top: 250px !important;margin-bottom: 50px !important;}&#8221; subtitle_color=&#8221;#ffffff&#8221;][vc_column_text css=&#8221;.vc_custom_1612003674656{margin-right: 20% !important;padding-left: 20px !important;background-color: rgba(255,255,255,0.5) !important;*background-color: rgb(255,255,255) !important;}&#8221;]Wir putzen Ihre Fenster professionell, z\u00fcgig und zuverl\u00e4ssig daf\u00fcr stehen wir seit \u00fcber 20 Jahren.[\/vc_column_text][vc_btn title=&#8221;Wer wir sind&#8221;<\/p>\n","protected":false},"author":1,"featured_media":0,"parent":0,"menu_order":0,"comment_status":"closed","ping_status":"closed","template":"","meta":{"ngg_post_thumbnail":0,"footnotes":""},"class_list":["post-1071","page","type-page","status-publish","hentry"],"yoast_head":"<!-- This site is optimized with the Yoast SEO plugin v27.0 - https:\/\/yoast.com\/product\/yoast-seo-wordpress\/ -->\n<title>Fensterputzer Schwabach - Professionelle Glasreinigung zum Festpreis<\/title>\n<meta name=\"description\" content=\"Fensterputzer Schwabach f\u00fcr Ihren Privathaushalt. Wir reinigen alle Arten von Gl\u00e4sern und Fenstern zum Festpreis. Glas und Rahmenreinigung.\" \/>\n<meta name=\"robots\" content=\"index, follow, max-snippet:-1, max-image-preview:large, max-video-preview:-1\" \/>\n<link rel=\"canonical\" href=\"https:\/\/putzen-privat.de\/schwabach\/\" \/>\n<meta property=\"og:locale\" content=\"de_DE\" \/>\n<meta property=\"og:type\" content=\"article\" \/>\n<meta property=\"og:title\" content=\"Fensterputzer Schwabach - Professionelle Glasreinigung zum Festpreis\" \/>\n<meta property=\"og:description\" content=\"Fensterputzer Schwabach f\u00fcr Ihren Privathaushalt. Wir reinigen alle Arten von Gl\u00e4sern und Fenstern zum Festpreis. Glas und Rahmenreinigung.\" \/>\n<meta property=\"og:url\" content=\"https:\/\/putzen-privat.de\/schwabach\/\" \/>\n<meta property=\"og:site_name\" content=\"Fensterputzer Schwabach\" \/>\n<meta property=\"article:modified_time\" content=\"2024-11-17T09:00:59+00:00\" \/>\n<meta name=\"twitter:card\" content=\"summary_large_image\" \/>\n<meta name=\"twitter:label1\" content=\"Gesch\u00e4tzte Lesezeit\" \/>\n\t<meta name=\"twitter:data1\" content=\"4\u00a0Minuten\" \/>\n<script type=\"application\/ld+json\" class=\"yoast-schema-graph\">{\"@context\":\"https:\/\/schema.org\",\"@graph\":[{\"@type\":\"WebPage\",\"@id\":\"https:\/\/putzen-privat.de\/schwabach\/\",\"url\":\"https:\/\/putzen-privat.de\/schwabach\/\",\"name\":\"Fensterputzer Schwabach - Professionelle Glasreinigung zum Festpreis\",\"isPartOf\":{\"@id\":\"https:\/\/putzen-privat.de\/schwabach\/#website\"},\"datePublished\":\"2015-12-14T07:14:55+00:00\",\"dateModified\":\"2024-11-17T09:00:59+00:00\",\"description\":\"Fensterputzer Schwabach f\u00fcr Ihren Privathaushalt. Wir reinigen alle Arten von Gl\u00e4sern und Fenstern zum Festpreis. Glas und Rahmenreinigung.\",\"breadcrumb\":{\"@id\":\"https:\/\/putzen-privat.de\/schwabach\/#breadcrumb\"},\"inLanguage\":\"de\",\"potentialAction\":[{\"@type\":\"ReadAction\",\"target\":[\"https:\/\/putzen-privat.de\/schwabach\/\"]}]},{\"@type\":\"BreadcrumbList\",\"@id\":\"https:\/\/putzen-privat.de\/schwabach\/#breadcrumb\",\"itemListElement\":[{\"@type\":\"ListItem\",\"position\":1,\"name\":\"Startseite\",\"item\":\"https:\/\/putzen-privat.de\/schwabach\/\"},{\"@type\":\"ListItem\",\"position\":2,\"name\":\"Startseite\"}]},{\"@type\":\"WebSite\",\"@id\":\"https:\/\/putzen-privat.de\/schwabach\/#website\",\"url\":\"https:\/\/putzen-privat.de\/schwabach\/\",\"name\":\"Fensterputzer Schwabach\",\"description\":\"Fensterreinigung, Glasreinigung Schwabach\",\"potentialAction\":[{\"@type\":\"SearchAction\",\"target\":{\"@type\":\"EntryPoint\",\"urlTemplate\":\"https:\/\/putzen-privat.de\/schwabach\/?s={search_term_string}\"},\"query-input\":{\"@type\":\"PropertyValueSpecification\",\"valueRequired\":true,\"valueName\":\"search_term_string\"}}],\"inLanguage\":\"de\"}]}<\/script>\n<!-- \/ Yoast SEO plugin. -->","yoast_head_json":{"title":"Fensterputzer Schwabach - Professionelle Glasreinigung zum Festpreis","description":"Fensterputzer Schwabach f\u00fcr Ihren Privathaushalt. Wir reinigen alle Arten von Gl\u00e4sern und Fenstern zum Festpreis. Glas und Rahmenreinigung.","robots":{"index":"index","follow":"follow","max-snippet":"max-snippet:-1","max-image-preview":"max-image-preview:large","max-video-preview":"max-video-preview:-1"},"canonical":"https:\/\/putzen-privat.de\/schwabach\/","og_locale":"de_DE","og_type":"article","og_title":"Fensterputzer Schwabach - Professionelle Glasreinigung zum Festpreis","og_description":"Fensterputzer Schwabach f\u00fcr Ihren Privathaushalt. Wir reinigen alle Arten von Gl\u00e4sern und Fenstern zum Festpreis. Glas und Rahmenreinigung.","og_url":"https:\/\/putzen-privat.de\/schwabach\/","og_site_name":"Fensterputzer Schwabach","article_modified_time":"2024-11-17T09:00:59+00:00","twitter_card":"summary_large_image","twitter_misc":{"Gesch\u00e4tzte Lesezeit":"4\u00a0Minuten"},"schema":{"@context":"https:\/\/schema.org","@graph":[{"@type":"WebPage","@id":"https:\/\/putzen-privat.de\/schwabach\/","url":"https:\/\/putzen-privat.de\/schwabach\/","name":"Fensterputzer Schwabach - Professionelle Glasreinigung zum Festpreis","isPartOf":{"@id":"https:\/\/putzen-privat.de\/schwabach\/#website"},"datePublished":"2015-12-14T07:14:55+00:00","dateModified":"2024-11-17T09:00:59+00:00","description":"Fensterputzer Schwabach f\u00fcr Ihren Privathaushalt. Wir reinigen alle Arten von Gl\u00e4sern und Fenstern zum Festpreis. Glas und Rahmenreinigung.","breadcrumb":{"@id":"https:\/\/putzen-privat.de\/schwabach\/#breadcrumb"},"inLanguage":"de","potentialAction":[{"@type":"ReadAction","target":["https:\/\/putzen-privat.de\/schwabach\/"]}]},{"@type":"BreadcrumbList","@id":"https:\/\/putzen-privat.de\/schwabach\/#breadcrumb","itemListElement":[{"@type":"ListItem","position":1,"name":"Startseite","item":"https:\/\/putzen-privat.de\/schwabach\/"},{"@type":"ListItem","position":2,"name":"Startseite"}]},{"@type":"WebSite","@id":"https:\/\/putzen-privat.de\/schwabach\/#website","url":"https:\/\/putzen-privat.de\/schwabach\/","name":"Fensterputzer Schwabach","description":"Fensterreinigung, Glasreinigung Schwabach","potentialAction":[{"@type":"SearchAction","target":{"@type":"EntryPoint","urlTemplate":"https:\/\/putzen-privat.de\/schwabach\/?s={search_term_string}"},"query-input":{"@type":"PropertyValueSpecification","valueRequired":true,"valueName":"search_term_string"}}],"inLanguage":"de"}]}},"_links":{"self":[{"href":"https:\/\/putzen-privat.de\/schwabach\/wp-json\/wp\/v2\/pages\/1071","targetHints":{"allow":["GET"]}}],"collection":[{"href":"https:\/\/putzen-privat.de\/schwabach\/wp-json\/wp\/v2\/pages"}],"about":[{"href":"https:\/\/putzen-privat.de\/schwabach\/wp-json\/wp\/v2\/types\/page"}],"author":[{"embeddable":true,"href":"https:\/\/putzen-privat.de\/schwabach\/wp-json\/wp\/v2\/users\/1"}],"replies":[{"embeddable":true,"href":"https:\/\/putzen-privat.de\/schwabach\/wp-json\/wp\/v2\/comments?post=1071"}],"version-history":[{"count":9,"href":"https:\/\/putzen-privat.de\/schwabach\/wp-json\/wp\/v2\/pages\/1071\/revisions"}],"predecessor-version":[{"id":2704,"href":"https:\/\/putzen-privat.de\/schwabach\/wp-json\/wp\/v2\/pages\/1071\/revisions\/2704"}],"wp:attachment":[{"href":"https:\/\/putzen-privat.de\/schwabach\/wp-json\/wp\/v2\/media?parent=1071"}],"curies":[{"name":"wp","href":"https:\/\/api.w.org\/{rel}","templated":true}]}}