{"id":7269,"date":"2017-02-08T09:48:39","date_gmt":"2017-02-08T09:48:39","guid":{"rendered":"http:\/\/consulting.stylemixthemes.com\/demo\/?page_id=1171"},"modified":"2024-11-17T12:08:17","modified_gmt":"2024-11-17T11:08:17","slug":"kontakt","status":"publish","type":"page","link":"https:\/\/putzen-privat.de\/nuernberg\/kontakt\/","title":{"rendered":"Kontakt"},"content":{"rendered":"\t\t<div data-elementor-type=\"wp-page\" data-elementor-id=\"7269\" class=\"elementor elementor-7269\" data-elementor-post-type=\"page\">\n\t\t\t\t\t\t<section class=\"elementor-section elementor-top-section elementor-element elementor-element-37103d6 elementor-section-boxed elementor-section-height-default elementor-section-height-default\" data-id=\"37103d6\" data-element_type=\"section\" data-e-type=\"section\" data-settings=\"{&quot;background_background&quot;:&quot;classic&quot;}\">\n\t\t\t\t\t\t<div class=\"elementor-container elementor-column-gap-default\">\n\t\t\t\t\t<div class=\"elementor-column elementor-col-100 elementor-top-column elementor-element elementor-element-37108e5\" data-id=\"37108e5\" data-element_type=\"column\" data-e-type=\"column\" data-settings=\"{&quot;background_background&quot;:&quot;classic&quot;}\">\n\t\t\t<div class=\"elementor-widget-wrap elementor-element-populated\">\n\t\t\t\t\t\t<div class=\"elementor-element elementor-element-3710ce0 elementor-widget elementor-widget-text-editor\" data-id=\"3710ce0\" data-element_type=\"widget\" data-e-type=\"widget\" data-widget_type=\"text-editor.default\">\n\t\t\t\t<div class=\"elementor-widget-container\">\n\t\t\t\t\t\t\t\t\t<p>Haben Sie Fragen zu unserer Glasreinigung oder um unsere Dienstleistung rund um Ihre Fenster? Dann schreiben Sie uns. Sie erreichen uns unter folgenden M\u00f6glichkeiten.<\/p>\n\t\t\t\t\t\t\t\t<\/div>\n\t\t\t\t<\/div>\n\t\t\t\t<div class=\"elementor-element elementor-element-3710f3c elementor-widget elementor-widget-stm_contacts_widget\" data-id=\"3710f3c\" data-element_type=\"widget\" data-e-type=\"widget\" data-widget_type=\"stm_contacts_widget.default\">\n\t\t\t\t<div class=\"elementor-widget-container\">\n\t\t\t\t\t\n<div class=\"stm_contacts_widget consulting_elementor_contacts_widget style_4 \">\n    \n            <h4 class=\"no_stripe\">Fenstereinigung-Team Sch\u00e4ffer GmbH<\/h4>\n    \n    \n        <ul>\n                            <li>\n                    <div class=\"icon\"><i class=\"fa fa-map-marker\"><\/i><\/div>\n                    <div class=\"text\">Hans-Fallada-Stra\u00dfe 100<br \/>90471 N\u00fcrnberg<\/div>\n                <\/li>\n                                        <li>\n                    <div class=\"icon\"><i class=\"fa fa-phone\"><\/i><\/div>\n                    <div class=\"text\">\n                        0911 - 24 19 004                                             <\/div>\n                <\/li>\n                                                    <li>\n                    <div class=\"icon\"><i class=\"fa fa-envelope\"><\/i><\/div>\n                    <div class=\"text\"><a href=\"mailto:&#102;&#101;&#110;&#115;te&#114;r&#101;i&#110;&#105;g&#117;&#110;g&#45;&#116;eam&#64;&#112;ut&#122;en&#45;&#112;r&#105;v&#97;&#116;.&#100;e\">fe&#110;s&#116;&#101;rr&#101;&#105;&#110;i&#103;ung&#45;t&#101;am&#64;pu&#116;zen-priv&#97;t.de<\/a><\/div>\n                <\/li>\n                                <\/ul>\n                    <ul class=\"socials\">\n                                    <li><a href=\"#\" target=\"_blank\" class=\"social-facebook\"><i class=\"fa fa-facebook\"><\/i><\/a><\/li>\n                                                    <li><a href=\"#\" target=\"_blank\" class=\"social-twitter\"><i class=\"fa fa-twitter\"><\/i><\/a><\/li>\n                                                    <li><a href=\"#\" target=\"_blank\" class=\"social-linkedin\"><i class=\"fa fa-linkedin\"><\/i><\/a><\/li>\n                                                    <li><a href=\"#\" target=\"_blank\" class=\"social-google-plus\"><i class=\"fa fa-google-plus\"><\/i><\/a><\/li>\n                                                    <li><a href=\"skype:#\" class=\"social-skype\"><i class=\"fa fa-skype\"><\/i><\/a><\/li>\n                            <\/ul>\n        \n    \n<\/div>\t\t\t\t<\/div>\n\t\t\t\t<\/div>\n\t\t\t\t<div class=\"elementor-element elementor-element-ea07824 elementor-widget elementor-widget-text-editor\" data-id=\"ea07824\" data-element_type=\"widget\" data-e-type=\"widget\" data-widget_type=\"text-editor.default\">\n\t\t\t\t<div class=\"elementor-widget-container\">\n\t\t\t\t\t\t\t\t\t<p>Gesch\u00e4ftsf\u00fchrer:<br \/>Eduard Sch\u00e4ffer<\/p>\n<p>USt-IdNr: DE310937662<\/p>\n<p>Registergericht: Amtsgericht N\u00fcrnberg<br \/>Registernummer: HRB 33897<\/p>\n\t\t\t\t\t\t\t\t<\/div>\n\t\t\t\t<\/div>\n\t\t\t\t\t<\/div>\n\t\t<\/div>\n\t\t\t\t<div class=\"elementor-column elementor-col-100 elementor-top-column elementor-element elementor-element-3710ff7\" data-id=\"3710ff7\" data-element_type=\"column\" data-e-type=\"column\" data-settings=\"{&quot;background_background&quot;:&quot;classic&quot;}\">\n\t\t\t<div class=\"elementor-widget-wrap elementor-element-populated\">\n\t\t\t\t\t\t<div class=\"elementor-element elementor-element-37113db elementor-widget elementor-widget-stm_contact_form_7\" data-id=\"37113db\" data-element_type=\"widget\" data-e-type=\"widget\" data-widget_type=\"stm_contact_form_7.default\">\n\t\t\t\t<div class=\"elementor-widget-container\">\n\t\t\t\t\t\n<div class=\"wpcf7 no-js\" id=\"wpcf7-f1719-o1\" lang=\"en-US\" dir=\"ltr\" data-wpcf7-id=\"1719\">\n<div class=\"screen-reader-response\"><p role=\"status\" aria-live=\"polite\" aria-atomic=\"true\"><\/p> <ul><\/ul><\/div>\n<form action=\"\/nuernberg\/wp-json\/wp\/v2\/pages\/7269#wpcf7-f1719-o1\" method=\"post\" class=\"wpcf7-form init\" aria-label=\"Contact form\" novalidate=\"novalidate\" data-status=\"init\">\n<fieldset class=\"hidden-fields-container\"><input type=\"hidden\" name=\"_wpcf7\" value=\"1719\" \/><input type=\"hidden\" name=\"_wpcf7_version\" value=\"6.1.5\" \/><input type=\"hidden\" name=\"_wpcf7_locale\" value=\"en_US\" \/><input type=\"hidden\" name=\"_wpcf7_unit_tag\" value=\"wpcf7-f1719-o1\" \/><input type=\"hidden\" name=\"_wpcf7_container_post\" value=\"0\" \/><input type=\"hidden\" name=\"_wpcf7_posted_data_hash\" value=\"\" \/>\n<\/fieldset>\n<div class=\"request_callback\">\n    <div class=\"row\">\n        <div class=\"col-lg-12 col-md-12 col-sm-12 col-xs-12\">\n            <div class=\"input-group\">\n                <span class=\"wpcf7-form-control-wrap\" data-name=\"message\"><textarea cols=\"40\" rows=\"10\" maxlength=\"2000\" class=\"wpcf7-form-control wpcf7-textarea wpcf7-validates-as-required\" aria-required=\"true\" aria-invalid=\"false\" placeholder=\"Ihre Nachricht an uns *\" name=\"message\"><\/textarea><\/span>\n            <\/div>\n        <\/div>\n        <div class=\"col-lg-4 col-md-4 col-sm-4 col-xs-12\">\n            <div class=\"input-group\">\n                <span class=\"wpcf7-form-control-wrap\" data-name=\"text-name\"><input size=\"40\" maxlength=\"400\" class=\"wpcf7-form-control wpcf7-text wpcf7-validates-as-required\" aria-required=\"true\" aria-invalid=\"false\" placeholder=\"Ihr Name *\" value=\"\" type=\"text\" name=\"text-name\" \/><\/span>\n            <\/div>\n        <\/div>\n        <div class=\"col-lg-4 col-md-4 col-sm-4 col-xs-12\">\n            <div class=\"input-group\">\n                <span class=\"wpcf7-form-control-wrap\" data-name=\"email\"><input size=\"40\" maxlength=\"400\" class=\"wpcf7-form-control wpcf7-email wpcf7-text wpcf7-validates-as-email\" aria-invalid=\"false\" placeholder=\"Ihre E-Mail\" value=\"\" type=\"email\" name=\"email\" \/><\/span>\n            <\/div>\n        <\/div>\n        <div class=\"col-lg-4 col-md-4 col-sm-4 col-xs-12\">\n            <div class=\"input-group\">\n                <span class=\"wpcf7-form-control-wrap\" data-name=\"tel\"><input size=\"40\" maxlength=\"400\" class=\"wpcf7-form-control wpcf7-text\" aria-invalid=\"false\" placeholder=\"Ihre Rufnummer\" value=\"\" type=\"text\" name=\"tel\" \/><\/span>\n            <\/div>\n        <\/div>\n     <\/div>\n<span class=\"wpcf7-form-control-wrap\" data-name=\"your-consent\"><span class=\"wpcf7-form-control wpcf7-acceptance\"><span class=\"wpcf7-list-item\"><label><input type=\"checkbox\" name=\"your-consent\" value=\"1\" aria-invalid=\"false\" \/><span class=\"wpcf7-list-item-label\">Ich habe die <a href=\"https:\/\/putzen-privat.de\/datenschutzerklaerung\/\" target=\"_blank\"> Datenschutzerkl\u00e4rung <\/a> zur Kenntnis genommen<\/span><\/label><\/span><\/span><\/span>\n        <div class=\"col-lg-12 col-md-12 col-sm-12 col-xs-12\">\n            <div class=\"input-group\">\n                <button type=\"submit\" class=\"button size-lg icon_right\">Nachricht absenden<i class=\"fa fa-chevron-right\"><\/i><\/button>\n            <\/div>\n        <\/div>\n<\/div><div class=\"wpcf7-response-output\" aria-hidden=\"true\"><\/div>\n<\/form>\n<\/div>\n\t\t\t\t\t\t<\/div>\n\t\t\t\t<\/div>\n\t\t\t\t\t<\/div>\n\t\t<\/div>\n\t\t\t\t\t<\/div>\n\t\t<\/section>\n\t\t\t\t<section class=\"elementor-section elementor-top-section elementor-element elementor-element-3711484 elementor-section-full_width elementor-section-height-default elementor-section-height-default\" data-id=\"3711484\" data-element_type=\"section\" data-e-type=\"section\" data-settings=\"{&quot;background_background&quot;:&quot;classic&quot;}\">\n\t\t\t\t\t\t<div class=\"elementor-container elementor-column-gap-no\">\n\t\t\t\t\t<div class=\"elementor-column elementor-col-100 elementor-top-column elementor-element elementor-element-37118bc\" data-id=\"37118bc\" data-element_type=\"column\" data-e-type=\"column\">\n\t\t\t<div class=\"elementor-widget-wrap elementor-element-populated\">\n\t\t\t\t\t\t<div class=\"elementor-element elementor-element-3711c5e elementor-widget elementor-widget-google_maps\" data-id=\"3711c5e\" data-element_type=\"widget\" data-e-type=\"widget\" data-widget_type=\"google_maps.default\">\n\t\t\t\t<div class=\"elementor-widget-container\">\n\t\t\t\t\t\t\t<div class=\"elementor-custom-embed\">\n\t\t\t<iframe loading=\"lazy\"\n\t\t\t\t\tsrc=\"https:\/\/maps.google.com\/maps?q=Hans-Fallada-Stra%C3%9Fe%20100%2090471%20N%C3%BCrnberg&#038;t=m&#038;z=10&#038;output=embed&#038;iwloc=near\"\n\t\t\t\t\ttitle=\"Hans-Fallada-Stra\u00dfe 100 90471 N\u00fcrnberg\"\n\t\t\t\t\taria-label=\"Hans-Fallada-Stra\u00dfe 100 90471 N\u00fcrnberg\"\n\t\t\t><\/iframe>\n\t\t<\/div>\n\t\t\t\t\t\t<\/div>\n\t\t\t\t<\/div>\n\t\t\t\t\t<\/div>\n\t\t<\/div>\n\t\t\t\t\t<\/div>\n\t\t<\/section>\n\t\t\t\t<\/div>\n\t\t","protected":false},"excerpt":{"rendered":"<p>Haben Sie Fragen zu unserer Glasreinigung oder um unsere Dienstleistung rund um Ihre Fenster? Dann schreiben Sie uns. Sie erreichen uns unter folgenden M\u00f6glichkeiten. Fenstereinigung-Team Sch\u00e4ffer GmbH Hans-Fallada-Stra\u00dfe 10090471 N\u00fcrnberg 0911 &#8211; 24 19 004 f&#101;&#110;s&#116;e&#114;r&#101;inigung-&#116;&#101;&#97;m&#64;&#112;&#117;tz&#101;n&#45;pr&#105;&#118;&#97;t&#46;&#100;e Gesch\u00e4ftsf\u00fchrer:Eduard Sch\u00e4ffer USt-IdNr: DE310937662 Registergericht: Amtsgericht N\u00fcrnbergRegisternummer: HRB 33897 Einwilligung zur Datenaufnahme: Ich habe die Datenschutzerkl\u00e4rung zur Kenntnis genommen<\/p>\n","protected":false},"author":1,"featured_media":0,"parent":0,"menu_order":0,"comment_status":"closed","ping_status":"closed","template":"","meta":{"ngg_post_thumbnail":0,"footnotes":""},"class_list":["post-7269","page","type-page","status-publish","hentry"],"yoast_head":"<!-- This site is optimized with the Yoast SEO plugin v27.0 - https:\/\/yoast.com\/product\/yoast-seo-wordpress\/ -->\n<title>Kontakt zum Fensterputzer N\u00fcrnberg<\/title>\n<meta name=\"description\" content=\"Fensterreinigung von Team Sch\u00e4ffer GmbH aus N\u00fcrnberg. Ihr Profi-Fensterputzer in der N\u00e4he von N\u00fcrnberg und F\u00fcrth\" \/>\n<meta name=\"robots\" content=\"index, follow, max-snippet:-1, max-image-preview:large, max-video-preview:-1\" \/>\n<link rel=\"canonical\" href=\"https:\/\/putzen-privat.de\/nuernberg\/kontakt\/\" \/>\n<meta property=\"og:locale\" content=\"de_DE\" \/>\n<meta property=\"og:type\" content=\"article\" \/>\n<meta property=\"og:title\" content=\"Kontakt zum Fensterputzer N\u00fcrnberg\" \/>\n<meta property=\"og:description\" content=\"Fensterreinigung von Team Sch\u00e4ffer GmbH aus N\u00fcrnberg. Ihr Profi-Fensterputzer in der N\u00e4he von N\u00fcrnberg und F\u00fcrth\" \/>\n<meta property=\"og:url\" content=\"https:\/\/putzen-privat.de\/nuernberg\/kontakt\/\" \/>\n<meta property=\"og:site_name\" content=\"Fensterputzer N\u00fcrnberg\" \/>\n<meta property=\"article:modified_time\" content=\"2024-11-17T11:08:17+00:00\" \/>\n<meta name=\"twitter:card\" content=\"summary_large_image\" \/>\n<meta name=\"twitter:label1\" content=\"Gesch\u00e4tzte Lesezeit\" \/>\n\t<meta name=\"twitter:data1\" content=\"1\u00a0Minute\" \/>\n<script type=\"application\/ld+json\" class=\"yoast-schema-graph\">{\"@context\":\"https:\/\/schema.org\",\"@graph\":[{\"@type\":\"WebPage\",\"@id\":\"https:\/\/putzen-privat.de\/nuernberg\/kontakt\/\",\"url\":\"https:\/\/putzen-privat.de\/nuernberg\/kontakt\/\",\"name\":\"Kontakt zum Fensterputzer N\u00fcrnberg\",\"isPartOf\":{\"@id\":\"https:\/\/putzen-privat.de\/nuernberg\/#website\"},\"datePublished\":\"2017-02-08T09:48:39+00:00\",\"dateModified\":\"2024-11-17T11:08:17+00:00\",\"description\":\"Fensterreinigung von Team Sch\u00e4ffer GmbH aus N\u00fcrnberg. Ihr Profi-Fensterputzer in der N\u00e4he von N\u00fcrnberg und F\u00fcrth\",\"breadcrumb\":{\"@id\":\"https:\/\/putzen-privat.de\/nuernberg\/kontakt\/#breadcrumb\"},\"inLanguage\":\"de\",\"potentialAction\":[{\"@type\":\"ReadAction\",\"target\":[\"https:\/\/putzen-privat.de\/nuernberg\/kontakt\/\"]}]},{\"@type\":\"BreadcrumbList\",\"@id\":\"https:\/\/putzen-privat.de\/nuernberg\/kontakt\/#breadcrumb\",\"itemListElement\":[{\"@type\":\"ListItem\",\"position\":1,\"name\":\"Startseite\",\"item\":\"https:\/\/putzen-privat.de\/nuernberg\/\"},{\"@type\":\"ListItem\",\"position\":2,\"name\":\"Kontakt\"}]},{\"@type\":\"WebSite\",\"@id\":\"https:\/\/putzen-privat.de\/nuernberg\/#website\",\"url\":\"https:\/\/putzen-privat.de\/nuernberg\/\",\"name\":\"Fensterputzer N\u00fcrnberg\",\"description\":\"Fensterreinigung, Glasreinigung N\u00fcrnberg\",\"potentialAction\":[{\"@type\":\"SearchAction\",\"target\":{\"@type\":\"EntryPoint\",\"urlTemplate\":\"https:\/\/putzen-privat.de\/nuernberg\/?s={search_term_string}\"},\"query-input\":{\"@type\":\"PropertyValueSpecification\",\"valueRequired\":true,\"valueName\":\"search_term_string\"}}],\"inLanguage\":\"de\"}]}<\/script>\n<!-- \/ Yoast SEO plugin. -->","yoast_head_json":{"title":"Kontakt zum Fensterputzer N\u00fcrnberg","description":"Fensterreinigung von Team Sch\u00e4ffer GmbH aus N\u00fcrnberg. Ihr Profi-Fensterputzer in der N\u00e4he von N\u00fcrnberg und F\u00fcrth","robots":{"index":"index","follow":"follow","max-snippet":"max-snippet:-1","max-image-preview":"max-image-preview:large","max-video-preview":"max-video-preview:-1"},"canonical":"https:\/\/putzen-privat.de\/nuernberg\/kontakt\/","og_locale":"de_DE","og_type":"article","og_title":"Kontakt zum Fensterputzer N\u00fcrnberg","og_description":"Fensterreinigung von Team Sch\u00e4ffer GmbH aus N\u00fcrnberg. Ihr Profi-Fensterputzer in der N\u00e4he von N\u00fcrnberg und F\u00fcrth","og_url":"https:\/\/putzen-privat.de\/nuernberg\/kontakt\/","og_site_name":"Fensterputzer N\u00fcrnberg","article_modified_time":"2024-11-17T11:08:17+00:00","twitter_card":"summary_large_image","twitter_misc":{"Gesch\u00e4tzte Lesezeit":"1\u00a0Minute"},"schema":{"@context":"https:\/\/schema.org","@graph":[{"@type":"WebPage","@id":"https:\/\/putzen-privat.de\/nuernberg\/kontakt\/","url":"https:\/\/putzen-privat.de\/nuernberg\/kontakt\/","name":"Kontakt zum Fensterputzer N\u00fcrnberg","isPartOf":{"@id":"https:\/\/putzen-privat.de\/nuernberg\/#website"},"datePublished":"2017-02-08T09:48:39+00:00","dateModified":"2024-11-17T11:08:17+00:00","description":"Fensterreinigung von Team Sch\u00e4ffer GmbH aus N\u00fcrnberg. Ihr Profi-Fensterputzer in der N\u00e4he von N\u00fcrnberg und F\u00fcrth","breadcrumb":{"@id":"https:\/\/putzen-privat.de\/nuernberg\/kontakt\/#breadcrumb"},"inLanguage":"de","potentialAction":[{"@type":"ReadAction","target":["https:\/\/putzen-privat.de\/nuernberg\/kontakt\/"]}]},{"@type":"BreadcrumbList","@id":"https:\/\/putzen-privat.de\/nuernberg\/kontakt\/#breadcrumb","itemListElement":[{"@type":"ListItem","position":1,"name":"Startseite","item":"https:\/\/putzen-privat.de\/nuernberg\/"},{"@type":"ListItem","position":2,"name":"Kontakt"}]},{"@type":"WebSite","@id":"https:\/\/putzen-privat.de\/nuernberg\/#website","url":"https:\/\/putzen-privat.de\/nuernberg\/","name":"Fensterputzer N\u00fcrnberg","description":"Fensterreinigung, Glasreinigung N\u00fcrnberg","potentialAction":[{"@type":"SearchAction","target":{"@type":"EntryPoint","urlTemplate":"https:\/\/putzen-privat.de\/nuernberg\/?s={search_term_string}"},"query-input":{"@type":"PropertyValueSpecification","valueRequired":true,"valueName":"search_term_string"}}],"inLanguage":"de"}]}},"_links":{"self":[{"href":"https:\/\/putzen-privat.de\/nuernberg\/wp-json\/wp\/v2\/pages\/7269","targetHints":{"allow":["GET"]}}],"collection":[{"href":"https:\/\/putzen-privat.de\/nuernberg\/wp-json\/wp\/v2\/pages"}],"about":[{"href":"https:\/\/putzen-privat.de\/nuernberg\/wp-json\/wp\/v2\/types\/page"}],"author":[{"embeddable":true,"href":"https:\/\/putzen-privat.de\/nuernberg\/wp-json\/wp\/v2\/users\/1"}],"replies":[{"embeddable":true,"href":"https:\/\/putzen-privat.de\/nuernberg\/wp-json\/wp\/v2\/comments?post=7269"}],"version-history":[{"count":8,"href":"https:\/\/putzen-privat.de\/nuernberg\/wp-json\/wp\/v2\/pages\/7269\/revisions"}],"predecessor-version":[{"id":7537,"href":"https:\/\/putzen-privat.de\/nuernberg\/wp-json\/wp\/v2\/pages\/7269\/revisions\/7537"}],"wp:attachment":[{"href":"https:\/\/putzen-privat.de\/nuernberg\/wp-json\/wp\/v2\/media?parent=7269"}],"curies":[{"name":"wp","href":"https:\/\/api.w.org\/{rel}","templated":true}]}}