{"id":7267,"date":"2016-01-06T09:37:51","date_gmt":"2016-01-06T09:37:51","guid":{"rendered":"http:\/\/consulting.stylemixthemes.com\/demo\/?page_id=324"},"modified":"2024-11-17T12:18:06","modified_gmt":"2024-11-17T11:18:06","slug":"kundenstimmen","status":"publish","type":"page","link":"https:\/\/putzen-privat.de\/nuernberg\/kundenstimmen\/","title":{"rendered":"Das sagen unsere Kunden \u00fcber uns"},"content":{"rendered":"\t\t<div data-elementor-type=\"wp-page\" data-elementor-id=\"7267\" class=\"elementor elementor-7267\" data-elementor-post-type=\"page\">\n\t\t\t\t\t\t<section class=\"elementor-section elementor-top-section elementor-element elementor-element-d59698a elementor-section-boxed elementor-section-height-default elementor-section-height-default\" data-id=\"d59698a\" data-element_type=\"section\" data-e-type=\"section\" data-settings=\"{&quot;background_background&quot;:&quot;classic&quot;}\">\n\t\t\t\t\t\t<div class=\"elementor-container elementor-column-gap-default\">\n\t\t\t\t\t<div class=\"elementor-column elementor-col-100 elementor-top-column elementor-element elementor-element-d59754f\" data-id=\"d59754f\" data-element_type=\"column\" data-e-type=\"column\">\n\t\t\t<div class=\"elementor-widget-wrap elementor-element-populated\">\n\t\t\t\t\t\t<div class=\"elementor-element elementor-element-d597a8b elementor-widget elementor-widget-stm_testimonials\" data-id=\"d597a8b\" data-element_type=\"widget\" data-e-type=\"widget\" data-widget_type=\"stm_testimonials.default\">\n\t\t\t\t<div class=\"elementor-widget-container\">\n\t\t\t\t\t\n\n\t\t\t<div class=\"stm_testimonials consulting_elementor_testimonials cols_2 style_2\">\n\t\t\t\t\t\t\t<div class=\"item\">\n\t\t\t\t\t<div class=\"testimonial\"><p>Die Fensterputzer vom Team Sch\u00e4ffer GmbH kommen schon viele Jahre zu uns. Mit den Dienstleistungen waren wir immer zufrieden und haben Sie auch weiterempfolen. <\/p>\n<\/div>\n\t\t\t\t\t<div class=\"testimonial-info clearfix\">\n\t\t\t\t\t\t<div class=\"testimonial-image\"><img decoding=\"async\" width=\"50\" height=\"50\" src=\"https:\/\/putzen-privat.de\/nuernberg\/wp-content\/uploads\/sites\/5\/2024\/11\/testimonials-3-1.jpg\" class=\"attachment-consulting-image-50x50-croped size-consulting-image-50x50-croped wp-post-image\" alt=\"\" srcset=\"https:\/\/putzen-privat.de\/nuernberg\/wp-content\/uploads\/sites\/5\/2024\/11\/testimonials-3-1.jpg 360w, https:\/\/putzen-privat.de\/nuernberg\/wp-content\/uploads\/sites\/5\/2024\/11\/testimonials-3-1-150x150.jpg 150w\" sizes=\"(max-width: 50px) 100vw, 50px\" \/><\/div>\n\t\t\t\t\t\t<div class=\"testimonial-text\">\n\t\t\t\t\t\t\t<div class=\"name\">Familie Kapp<\/div>\n\t\t\t\t\t\t\t<div class=\"company\">\n\t\t\t\t\t\t\tN\u00fcrnberg, \t\t\t\t\t\t\t<\/div>\n\t\t\t\t\t\t<\/div>\n\t\t\t\t\t<\/div>\n\t\t\t\t<\/div>\n\t\t\t\t\t\t\t<div class=\"item\">\n\t\t\t\t\t<div class=\"testimonial\"><p>Tolle Leute. Gute Arbeit. Fairer Preis. Ich w\u00fcrde Sie wieder anstellen. <\/p>\n<\/div>\n\t\t\t\t\t<div class=\"testimonial-info clearfix\">\n\t\t\t\t\t\t<div class=\"testimonial-image\"><img decoding=\"async\" width=\"50\" height=\"50\" src=\"https:\/\/putzen-privat.de\/nuernberg\/wp-content\/uploads\/sites\/5\/2024\/11\/testimonials-2-1.jpg\" class=\"attachment-consulting-image-50x50-croped size-consulting-image-50x50-croped wp-post-image\" alt=\"\" srcset=\"https:\/\/putzen-privat.de\/nuernberg\/wp-content\/uploads\/sites\/5\/2024\/11\/testimonials-2-1.jpg 360w, https:\/\/putzen-privat.de\/nuernberg\/wp-content\/uploads\/sites\/5\/2024\/11\/testimonials-2-1-150x150.jpg 150w\" sizes=\"(max-width: 50px) 100vw, 50px\" \/><\/div>\n\t\t\t\t\t\t<div class=\"testimonial-text\">\n\t\t\t\t\t\t\t<div class=\"name\">Frau Straub<\/div>\n\t\t\t\t\t\t\t<div class=\"company\">\n\t\t\t\t\t\t\tNeunkirchen Am Brand, \t\t\t\t\t\t\t<\/div>\n\t\t\t\t\t\t<\/div>\n\t\t\t\t\t<\/div>\n\t\t\t\t<\/div>\n\t\t\t\t\t\t\t<div class=\"item\">\n\t\t\t\t\t<div class=\"testimonial\"><p>Die Mitarbeiter ziehen immer Ihre Schuhe aus bzw. haben \u00dcberschuhe dabei um unsere H\u00f6lzb\u00f6den nicht zu besch\u00e4digen. Das finde ich einfach klasse. Ich hatte auch keine zus\u00e4tzliche Nacharbeit. Sie haben alles Tip Top sauber hinterlassen. Danke Team Sch\u00e4ffer<\/p>\n<\/div>\n\t\t\t\t\t<div class=\"testimonial-info clearfix\">\n\t\t\t\t\t\t<div class=\"testimonial-image\"><img decoding=\"async\" width=\"50\" height=\"50\" src=\"https:\/\/putzen-privat.de\/nuernberg\/wp-content\/uploads\/sites\/5\/2024\/11\/testimonials-4-1.jpg\" class=\"attachment-consulting-image-50x50-croped size-consulting-image-50x50-croped wp-post-image\" alt=\"\" srcset=\"https:\/\/putzen-privat.de\/nuernberg\/wp-content\/uploads\/sites\/5\/2024\/11\/testimonials-4-1.jpg 360w, https:\/\/putzen-privat.de\/nuernberg\/wp-content\/uploads\/sites\/5\/2024\/11\/testimonials-4-1-150x150.jpg 150w\" sizes=\"(max-width: 50px) 100vw, 50px\" \/><\/div>\n\t\t\t\t\t\t<div class=\"testimonial-text\">\n\t\t\t\t\t\t\t<div class=\"name\">Frau G\u00f6lzer<\/div>\n\t\t\t\t\t\t\t<div class=\"company\">\n\t\t\t\t\t\t\tN\u00fcrnberg, \t\t\t\t\t\t\t<\/div>\n\t\t\t\t\t\t<\/div>\n\t\t\t\t\t<\/div>\n\t\t\t\t<\/div>\n\t\t\t\t\t<\/div>\n\t\n\t\t\t\t\t<\/div>\n\t\t\t\t<\/div>\n\t\t\t\t\t<\/div>\n\t\t<\/div>\n\t\t\t\t\t<\/div>\n\t\t<\/section>\n\t\t\t\t<section class=\"elementor-section elementor-top-section elementor-element elementor-element-d598287 third_bg_color elementor-section-boxed elementor-section-height-default elementor-section-height-default\" data-id=\"d598287\" data-element_type=\"section\" data-e-type=\"section\" data-settings=\"{&quot;background_background&quot;:&quot;classic&quot;}\">\n\t\t\t\t\t\t<div class=\"elementor-container elementor-column-gap-default\">\n\t\t\t\t\t<div class=\"elementor-column elementor-col-100 elementor-top-column elementor-element elementor-element-d5986f5\" data-id=\"d5986f5\" data-element_type=\"column\" data-e-type=\"column\">\n\t\t\t<div class=\"elementor-widget-wrap elementor-element-populated\">\n\t\t\t\t\t\t<div class=\"elementor-element elementor-element-d598a24 elementor-widget elementor-widget-vc_cta\" data-id=\"d598a24\" data-element_type=\"widget\" data-e-type=\"widget\" data-widget_type=\"vc_cta.default\">\n\t\t\t\t<div class=\"elementor-widget-container\">\n\t\t\t\t\t\n<div class=\"ce_cta ce_cta_75972b5924cd1df721ef33ede5ef7f41 ce_text_left third_bg_color add_button_right btn_align_right btn_button_block_true btn_has_icon btn_has_icon_on_the_right\" id=\"\">\n\t<div class=\"ce_cta__content\">\n\t\t<div class=\"ce_cta__content__header\">\n\t\t\t<h2  class='ce_cta__content__title '> Sie m\u00f6chten Ihre Erfahrung mit uns auch gern hier sehen?<\/h2>\t\t<\/div>\n\t\t\t<\/div>\n\n\t\t<div class=\"ce_cta__action\">\n\t\t<a\n\t\t\thref=\"https:\/\/putzen-privat.de\/nuernberg\/kontakt\/\"\n\t\t\t\t\t\ttarget=\"_self\"\n\t\t\tclass=\"button\n\t\t\t\t\t\">\n\t\t\t<span>Schreiben Sie uns<\/span>\n\t\t\t\t\t\t<i class=\"fa fa-chevron-right\"><\/i>\n\t\t\t\t\t<\/a>\n\t<\/div>\n\t<\/div>\n\t\t\t\t<\/div>\n\t\t\t\t<\/div>\n\t\t\t\t\t<\/div>\n\t\t<\/div>\n\t\t\t\t\t<\/div>\n\t\t<\/section>\n\t\t\t\t<\/div>\n\t\t","protected":false},"excerpt":{"rendered":"<p>Die Fensterputzer vom Team Sch\u00e4ffer GmbH kommen schon viele Jahre zu uns. Mit den Dienstleistungen waren wir immer zufrieden und haben Sie auch weiterempfolen. Familie Kapp N\u00fcrnberg, Tolle Leute. Gute Arbeit. Fairer Preis. Ich w\u00fcrde Sie wieder anstellen. Frau Straub Neunkirchen Am Brand, Die Mitarbeiter ziehen immer Ihre Schuhe aus bzw. haben \u00dcberschuhe dabei um<\/p>\n","protected":false},"author":1,"featured_media":0,"parent":0,"menu_order":0,"comment_status":"closed","ping_status":"closed","template":"","meta":{"ngg_post_thumbnail":0,"footnotes":""},"class_list":["post-7267","page","type-page","status-publish","hentry"],"yoast_head":"<!-- This site is optimized with the Yoast SEO plugin v27.0 - https:\/\/yoast.com\/product\/yoast-seo-wordpress\/ -->\n<title>Erfahrungen mit Fensterputzer N\u00fcrnberg (Team Sch\u00e4ffer)<\/title>\n<meta name=\"description\" content=\"Lesen Sie was Kunden \u00fcber Team Sch\u00e4ffer sagen.\" \/>\n<meta name=\"robots\" content=\"index, follow, max-snippet:-1, max-image-preview:large, max-video-preview:-1\" \/>\n<link rel=\"canonical\" href=\"https:\/\/putzen-privat.de\/nuernberg\/kundenstimmen\/\" \/>\n<meta property=\"og:locale\" content=\"de_DE\" \/>\n<meta property=\"og:type\" content=\"article\" \/>\n<meta property=\"og:title\" content=\"Erfahrungen mit Fensterputzer N\u00fcrnberg (Team Sch\u00e4ffer)\" \/>\n<meta property=\"og:description\" content=\"Lesen Sie was Kunden \u00fcber Team Sch\u00e4ffer sagen.\" \/>\n<meta property=\"og:url\" content=\"https:\/\/putzen-privat.de\/nuernberg\/kundenstimmen\/\" \/>\n<meta property=\"og:site_name\" content=\"Fensterputzer N\u00fcrnberg\" \/>\n<meta property=\"article:modified_time\" content=\"2024-11-17T11:18:06+00:00\" \/>\n<meta property=\"og:image\" content=\"https:\/\/putzen-privat.de\/nuernberg\/wp-content\/uploads\/sites\/5\/2024\/11\/testimonials-3-1.jpg\" \/>\n<meta name=\"twitter:card\" content=\"summary_large_image\" \/>\n<meta name=\"twitter:label1\" content=\"Gesch\u00e4tzte Lesezeit\" \/>\n\t<meta name=\"twitter:data1\" content=\"1\u00a0Minute\" \/>\n<script type=\"application\/ld+json\" class=\"yoast-schema-graph\">{\"@context\":\"https:\/\/schema.org\",\"@graph\":[{\"@type\":\"WebPage\",\"@id\":\"https:\/\/putzen-privat.de\/nuernberg\/kundenstimmen\/\",\"url\":\"https:\/\/putzen-privat.de\/nuernberg\/kundenstimmen\/\",\"name\":\"Erfahrungen mit Fensterputzer N\u00fcrnberg (Team Sch\u00e4ffer)\",\"isPartOf\":{\"@id\":\"https:\/\/putzen-privat.de\/nuernberg\/#website\"},\"primaryImageOfPage\":{\"@id\":\"https:\/\/putzen-privat.de\/nuernberg\/kundenstimmen\/#primaryimage\"},\"image\":{\"@id\":\"https:\/\/putzen-privat.de\/nuernberg\/kundenstimmen\/#primaryimage\"},\"thumbnailUrl\":\"https:\/\/putzen-privat.de\/nuernberg\/wp-content\/uploads\/sites\/5\/2024\/11\/testimonials-3-1.jpg\",\"datePublished\":\"2016-01-06T09:37:51+00:00\",\"dateModified\":\"2024-11-17T11:18:06+00:00\",\"description\":\"Lesen Sie was Kunden \u00fcber Team Sch\u00e4ffer sagen.\",\"breadcrumb\":{\"@id\":\"https:\/\/putzen-privat.de\/nuernberg\/kundenstimmen\/#breadcrumb\"},\"inLanguage\":\"de\",\"potentialAction\":[{\"@type\":\"ReadAction\",\"target\":[\"https:\/\/putzen-privat.de\/nuernberg\/kundenstimmen\/\"]}]},{\"@type\":\"ImageObject\",\"inLanguage\":\"de\",\"@id\":\"https:\/\/putzen-privat.de\/nuernberg\/kundenstimmen\/#primaryimage\",\"url\":\"https:\/\/putzen-privat.de\/nuernberg\/wp-content\/uploads\/sites\/5\/2024\/11\/testimonials-3-1.jpg\",\"contentUrl\":\"https:\/\/putzen-privat.de\/nuernberg\/wp-content\/uploads\/sites\/5\/2024\/11\/testimonials-3-1.jpg\",\"width\":360,\"height\":360},{\"@type\":\"BreadcrumbList\",\"@id\":\"https:\/\/putzen-privat.de\/nuernberg\/kundenstimmen\/#breadcrumb\",\"itemListElement\":[{\"@type\":\"ListItem\",\"position\":1,\"name\":\"Startseite\",\"item\":\"https:\/\/putzen-privat.de\/nuernberg\/\"},{\"@type\":\"ListItem\",\"position\":2,\"name\":\"Das sagen unsere Kunden \u00fcber uns\"}]},{\"@type\":\"WebSite\",\"@id\":\"https:\/\/putzen-privat.de\/nuernberg\/#website\",\"url\":\"https:\/\/putzen-privat.de\/nuernberg\/\",\"name\":\"Fensterputzer N\u00fcrnberg\",\"description\":\"Fensterreinigung, Glasreinigung N\u00fcrnberg\",\"potentialAction\":[{\"@type\":\"SearchAction\",\"target\":{\"@type\":\"EntryPoint\",\"urlTemplate\":\"https:\/\/putzen-privat.de\/nuernberg\/?s={search_term_string}\"},\"query-input\":{\"@type\":\"PropertyValueSpecification\",\"valueRequired\":true,\"valueName\":\"search_term_string\"}}],\"inLanguage\":\"de\"}]}<\/script>\n<!-- \/ Yoast SEO plugin. -->","yoast_head_json":{"title":"Erfahrungen mit Fensterputzer N\u00fcrnberg (Team Sch\u00e4ffer)","description":"Lesen Sie was Kunden \u00fcber Team Sch\u00e4ffer sagen.","robots":{"index":"index","follow":"follow","max-snippet":"max-snippet:-1","max-image-preview":"max-image-preview:large","max-video-preview":"max-video-preview:-1"},"canonical":"https:\/\/putzen-privat.de\/nuernberg\/kundenstimmen\/","og_locale":"de_DE","og_type":"article","og_title":"Erfahrungen mit Fensterputzer N\u00fcrnberg (Team Sch\u00e4ffer)","og_description":"Lesen Sie was Kunden \u00fcber Team Sch\u00e4ffer sagen.","og_url":"https:\/\/putzen-privat.de\/nuernberg\/kundenstimmen\/","og_site_name":"Fensterputzer N\u00fcrnberg","article_modified_time":"2024-11-17T11:18:06+00:00","og_image":[{"url":"https:\/\/putzen-privat.de\/nuernberg\/wp-content\/uploads\/sites\/5\/2024\/11\/testimonials-3-1.jpg","type":"","width":"","height":""}],"twitter_card":"summary_large_image","twitter_misc":{"Gesch\u00e4tzte Lesezeit":"1\u00a0Minute"},"schema":{"@context":"https:\/\/schema.org","@graph":[{"@type":"WebPage","@id":"https:\/\/putzen-privat.de\/nuernberg\/kundenstimmen\/","url":"https:\/\/putzen-privat.de\/nuernberg\/kundenstimmen\/","name":"Erfahrungen mit Fensterputzer N\u00fcrnberg (Team Sch\u00e4ffer)","isPartOf":{"@id":"https:\/\/putzen-privat.de\/nuernberg\/#website"},"primaryImageOfPage":{"@id":"https:\/\/putzen-privat.de\/nuernberg\/kundenstimmen\/#primaryimage"},"image":{"@id":"https:\/\/putzen-privat.de\/nuernberg\/kundenstimmen\/#primaryimage"},"thumbnailUrl":"https:\/\/putzen-privat.de\/nuernberg\/wp-content\/uploads\/sites\/5\/2024\/11\/testimonials-3-1.jpg","datePublished":"2016-01-06T09:37:51+00:00","dateModified":"2024-11-17T11:18:06+00:00","description":"Lesen Sie was Kunden \u00fcber Team Sch\u00e4ffer sagen.","breadcrumb":{"@id":"https:\/\/putzen-privat.de\/nuernberg\/kundenstimmen\/#breadcrumb"},"inLanguage":"de","potentialAction":[{"@type":"ReadAction","target":["https:\/\/putzen-privat.de\/nuernberg\/kundenstimmen\/"]}]},{"@type":"ImageObject","inLanguage":"de","@id":"https:\/\/putzen-privat.de\/nuernberg\/kundenstimmen\/#primaryimage","url":"https:\/\/putzen-privat.de\/nuernberg\/wp-content\/uploads\/sites\/5\/2024\/11\/testimonials-3-1.jpg","contentUrl":"https:\/\/putzen-privat.de\/nuernberg\/wp-content\/uploads\/sites\/5\/2024\/11\/testimonials-3-1.jpg","width":360,"height":360},{"@type":"BreadcrumbList","@id":"https:\/\/putzen-privat.de\/nuernberg\/kundenstimmen\/#breadcrumb","itemListElement":[{"@type":"ListItem","position":1,"name":"Startseite","item":"https:\/\/putzen-privat.de\/nuernberg\/"},{"@type":"ListItem","position":2,"name":"Das sagen unsere Kunden \u00fcber uns"}]},{"@type":"WebSite","@id":"https:\/\/putzen-privat.de\/nuernberg\/#website","url":"https:\/\/putzen-privat.de\/nuernberg\/","name":"Fensterputzer N\u00fcrnberg","description":"Fensterreinigung, Glasreinigung N\u00fcrnberg","potentialAction":[{"@type":"SearchAction","target":{"@type":"EntryPoint","urlTemplate":"https:\/\/putzen-privat.de\/nuernberg\/?s={search_term_string}"},"query-input":{"@type":"PropertyValueSpecification","valueRequired":true,"valueName":"search_term_string"}}],"inLanguage":"de"}]}},"_links":{"self":[{"href":"https:\/\/putzen-privat.de\/nuernberg\/wp-json\/wp\/v2\/pages\/7267","targetHints":{"allow":["GET"]}}],"collection":[{"href":"https:\/\/putzen-privat.de\/nuernberg\/wp-json\/wp\/v2\/pages"}],"about":[{"href":"https:\/\/putzen-privat.de\/nuernberg\/wp-json\/wp\/v2\/types\/page"}],"author":[{"embeddable":true,"href":"https:\/\/putzen-privat.de\/nuernberg\/wp-json\/wp\/v2\/users\/1"}],"replies":[{"embeddable":true,"href":"https:\/\/putzen-privat.de\/nuernberg\/wp-json\/wp\/v2\/comments?post=7267"}],"version-history":[{"count":8,"href":"https:\/\/putzen-privat.de\/nuernberg\/wp-json\/wp\/v2\/pages\/7267\/revisions"}],"predecessor-version":[{"id":7556,"href":"https:\/\/putzen-privat.de\/nuernberg\/wp-json\/wp\/v2\/pages\/7267\/revisions\/7556"}],"wp:attachment":[{"href":"https:\/\/putzen-privat.de\/nuernberg\/wp-json\/wp\/v2\/media?parent=7267"}],"curies":[{"name":"wp","href":"https:\/\/api.w.org\/{rel}","templated":true}]}}